{"id":3060,"date":"2024-05-07T14:11:27","date_gmt":"2024-05-07T12:11:27","guid":{"rendered":"https:\/\/oficiantesandalucia.es\/bautizo-civil\/"},"modified":"2024-10-09T12:51:15","modified_gmt":"2024-10-09T10:51:15","slug":"baptemes-civils","status":"publish","type":"page","link":"https:\/\/oficiantesandalucia.es\/fr\/baptemes-civils\/","title":{"rendered":"Bapt\u00eame civil"},"content":{"rendered":"<div class=\"wp-block-image is-style-ignition-berliner-border-image\">\n<figure class=\"alignleft size-large is-resized\"><img loading=\"lazy\" decoding=\"async\" width=\"1024\" height=\"538\" src=\"https:\/\/oficiantesandalucia.es\/wp-content\/uploads\/2024\/05\/Bautismo-laico-civil-Malaga-Granada-Cadiz-Cordoba-1024x538.jpg\" alt=\"\" class=\"wp-image-1654\" style=\"width:330px\" srcset=\"https:\/\/oficiantesandalucia.es\/wp-content\/uploads\/2024\/05\/Bautismo-laico-civil-Malaga-Granada-Cadiz-Cordoba-1024x538.jpg 1024w, https:\/\/oficiantesandalucia.es\/wp-content\/uploads\/2024\/05\/Bautismo-laico-civil-Malaga-Granada-Cadiz-Cordoba-300x158.jpg 300w, https:\/\/oficiantesandalucia.es\/wp-content\/uploads\/2024\/05\/Bautismo-laico-civil-Malaga-Granada-Cadiz-Cordoba-768x403.jpg 768w, https:\/\/oficiantesandalucia.es\/wp-content\/uploads\/2024\/05\/Bautismo-laico-civil-Malaga-Granada-Cadiz-Cordoba-690x362.jpg 690w, https:\/\/oficiantesandalucia.es\/wp-content\/uploads\/2024\/05\/Bautismo-laico-civil-Malaga-Granada-Cadiz-Cordoba.jpg 1200w\" sizes=\"auto, (max-width: 1024px) 100vw, 1024px\" \/><\/figure>\n<\/div>\n<p class=\"has-text-align-left\">La fa\u00e7on dont vous accueillez un nouveau membre de la famille est toujours une affaire personnelle et doit refl\u00e9ter vos valeurs et vos convictions. Les bapt\u00eames civils et les c\u00e9r\u00e9monies de bapt\u00eame sont des <strong>actes symboliques sans valeur juridique<\/strong> qui servent \u00e0 pr\u00e9senter le nouvel enfant \u00e0 la famille et aux amis.<\/p>\n\n<p>Une c\u00e9r\u00e9monie de bapt\u00eame est une c\u00e9l\u00e9bration <strong>non religieuse<\/strong> qui permet d&#8217;accueillir un enfant de mani\u00e8re personnelle et significative. La c\u00e9r\u00e9monie est centr\u00e9e sur l&#8217;enfant et sur la famille et les amis qui l&#8217;entourent. Les parents donneront le nom de leur enfant devant les amis et la famille qu&#8217;ils ont invit\u00e9s \u00e0 participer \u00e0 cette journ\u00e9e sp\u00e9ciale.<\/p>\n\n<p>Le format de cette c\u00e9r\u00e9monie est flexible et le contenu et la c\u00e9l\u00e9bration de chaque c\u00e9r\u00e9monie sont individuels et uniques. Nous pouvons vous aider \u00e0 cr\u00e9er une c\u00e9r\u00e9monie autour de lectures po\u00e9tiques et d&#8217;actes symboliques qui ont une signification pour votre famille et qui contribuent \u00e0 donner forme et occasion au grand jour.<\/p>\n\n<p>La c\u00e9r\u00e9monie n&#8217;introduit pas l&#8217;enfant dans un syst\u00e8me de croyances, mais reconna\u00eet la libert\u00e9 de l&#8217;enfant de se forger sa propre opinion et de prendre ses propres d\u00e9cisions au fur et \u00e0 mesure qu&#8217;il grandit. Les parents peuvent faire des promesses \u00e0 leur enfant et les parrains et marraines peuvent \u00e9galement \u00eatre invit\u00e9s \u00e0 faire leurs propres promesses.<\/p>\n\n<p><br\/><br\/>C<strong>ombien de temps dure un bapt\u00eame civil ?<\/strong> La dur\u00e9e de ce type de c\u00e9r\u00e9monie est g\u00e9n\u00e9ralement d&#8217;environ une demi-heure : il peut y avoir des variations dans le temps si plusieurs invit\u00e9s veulent prendre la parole, si les parrains et marraines veulent aussi dire quelque chose, s&#8217;il y a un acte symbolique comme la plantation d&#8217;un arbre, s&#8217;il y a de la musique live&#8230; La c\u00e9r\u00e9monie de bapt\u00eame civil peut se d\u00e9rouler o\u00f9 vous voulez : \u00e0 la maison, dans le jardin, sur la plage, dans le parc, dans un restaurant s&#8217;il y a un banquet apr\u00e8s la c\u00e9r\u00e9monie. Vous pouvez faire co\u00efncider l&#8217;\u00e9v\u00e9nement avec l&#8217;anniversaire de votre enfant ou un mariage civil, la c\u00e9l\u00e9bration sera deux fois plus importante.<\/p>\n\n<p><strong>S&#8217;agit-il de bapt\u00eames comme les bapt\u00eames chr\u00e9tiens ?<\/strong><br\/>Les bapt\u00eames chr\u00e9tiens sont des services religieux c\u00e9l\u00e9br\u00e9s dans les \u00e9glises chr\u00e9tiennes et dirig\u00e9s par des pr\u00eatres ou des vicaires. Le bapt\u00eame est une c\u00e9r\u00e9monie religieuse qui accueille une personne dans l&#8217;\u00c9glise chr\u00e9tienne par le biais du bapt\u00eame. Le bapt\u00eame est l&#8217;aspersion ou le versement d&#8217;eau sur la t\u00eate du b\u00e9b\u00e9 et cet acte constitue l&#8217;initiation \u00e0 l&#8217;\u00c9glise, par laquelle le b\u00e9b\u00e9 est d\u00e9barrass\u00e9 du &#8220;p\u00e9ch\u00e9 originel&#8221; (introduit dans le monde lorsqu&#8217;Adam et \u00c8ve ont d\u00e9sob\u00e9i \u00e0 Dieu dans le jardin d&#8217;\u00c9den).<\/p>\n<div class=\"wp-block-image is-style-ignition-berliner-border-image\">\n<figure class=\"alignleft size-full is-resized\"><img loading=\"lazy\" decoding=\"async\" width=\"500\" height=\"375\" src=\"https:\/\/oficiantesandalucia.es\/wp-content\/uploads\/2024\/05\/Bautismo-civil-laico-no-religioso.jpg\" alt=\"\" class=\"wp-image-1656\" style=\"width:330px\" srcset=\"https:\/\/oficiantesandalucia.es\/wp-content\/uploads\/2024\/05\/Bautismo-civil-laico-no-religioso.jpg 500w, https:\/\/oficiantesandalucia.es\/wp-content\/uploads\/2024\/05\/Bautismo-civil-laico-no-religioso-300x225.jpg 300w\" sizes=\"auto, (max-width: 500px) 100vw, 500px\" \/><\/figure>\n<\/div>\n<p><br\/><br\/>O<strong>rigine du bapt\u00eame civil<\/strong> Le bapt\u00eame r\u00e9publicain remonte \u00e0 1792 en France, lorsque l&#8217;enregistrement des naissances, des mariages et des d\u00e9c\u00e8s est transf\u00e9r\u00e9 de l&#8217;\u00c9glise catholique (jug\u00e9e trop monarchique) \u00e0 l&#8217;\u00c9tat fran\u00e7ais. Le bapt\u00eame civil est instaur\u00e9 deux ans plus tard, en 1794.<br\/>Tomb\u00e9s en d\u00e9su\u00e9tude, ils ont \u00e9t\u00e9 relanc\u00e9s par les alcaldes dans les ann\u00e9es 1930 et connaissent une popularit\u00e9 croissante depuis le d\u00e9but du si\u00e8cle. Ces c\u00e9r\u00e9monies non religieuses c\u00e9l\u00e8brent l&#8217;arriv\u00e9e d&#8217;un nouveau-n\u00e9 et l&#8217;accueillent en tant que membre de la R\u00e9publique fran\u00e7aise. <\/p>\n","protected":false},"excerpt":{"rendered":"<p>La fa\u00e7on dont vous accueillez un nouveau membre de la famille est toujours une affaire personnelle et doit refl\u00e9ter vos valeurs et vos convictions. Les bapt\u00eames civils et les c\u00e9r\u00e9monies de bapt\u00eame sont des actes [&hellip;]<\/p>\n","protected":false},"author":1,"featured_media":3056,"parent":0,"menu_order":0,"comment_status":"closed","ping_status":"closed","template":"","meta":{"inline_featured_image":false,"_joinchat":[],"footnotes":""},"class_list":["post-3060","page","type-page","status-publish","has-post-thumbnail","hentry"],"yoast_head":"<!-- This site is optimized with the Yoast SEO plugin v27.4 - https:\/\/yoast.com\/product\/yoast-seo-wordpress\/ -->\n<title>Bapt\u00eame civil - Oficiantes Andaluc&iacute;a<\/title>\n<meta name=\"description\" content=\"Bapt\u00eames civils, non religieux, \u00e0 Malaga, Marbella, Granada, Sevilla, C\u00e1diz, Jerez: c\u00e9r\u00e9monies personnalis\u00e9es.\" \/>\n<meta name=\"robots\" content=\"index, follow, max-snippet:-1, max-image-preview:large, max-video-preview:-1\" \/>\n<link rel=\"canonical\" href=\"https:\/\/oficiantesandalucia.es\/fr\/baptemes-civils\/\" \/>\n<meta property=\"og:locale\" content=\"fr_FR\" \/>\n<meta property=\"og:type\" content=\"article\" \/>\n<meta property=\"og:title\" content=\"Bapt\u00eame civil - Oficiantes Andaluc&iacute;a\" \/>\n<meta property=\"og:description\" content=\"Bapt\u00eames civils, non religieux, \u00e0 Malaga, Marbella, Granada, Sevilla, C\u00e1diz, Jerez: c\u00e9r\u00e9monies personnalis\u00e9es.\" \/>\n<meta property=\"og:url\" content=\"https:\/\/oficiantesandalucia.es\/fr\/baptemes-civils\/\" \/>\n<meta property=\"og:site_name\" content=\"Oficiantes Andaluc&iacute;a\" \/>\n<meta property=\"article:modified_time\" content=\"2024-10-09T10:51:15+00:00\" \/>\n<meta property=\"og:image\" content=\"https:\/\/oficiantesandalucia.es\/wp-content\/uploads\/2024\/05\/Bautismo-Civil-Malaga.jpg\" \/>\n\t<meta property=\"og:image:width\" content=\"1200\" \/>\n\t<meta property=\"og:image:height\" content=\"630\" \/>\n\t<meta property=\"og:image:type\" content=\"image\/jpeg\" \/>\n<meta name=\"twitter:card\" content=\"summary_large_image\" \/>\n<meta name=\"twitter:label1\" content=\"Dur\u00e9e de lecture estim\u00e9e\" \/>\n\t<meta name=\"twitter:data1\" content=\"3 minutes\" \/>\n<script type=\"application\/ld+json\" class=\"yoast-schema-graph\">{\"@context\":\"https:\\\/\\\/schema.org\",\"@graph\":[{\"@type\":\"WebPage\",\"@id\":\"https:\\\/\\\/oficiantesandalucia.es\\\/fr\\\/baptemes-civils\\\/\",\"url\":\"https:\\\/\\\/oficiantesandalucia.es\\\/fr\\\/baptemes-civils\\\/\",\"name\":\"Bapt\u00eame civil - Oficiantes Andaluc&iacute;a\",\"isPartOf\":{\"@id\":\"https:\\\/\\\/oficiantesandalucia.es\\\/fr\\\/#website\"},\"primaryImageOfPage\":{\"@id\":\"https:\\\/\\\/oficiantesandalucia.es\\\/fr\\\/baptemes-civils\\\/#primaryimage\"},\"image\":{\"@id\":\"https:\\\/\\\/oficiantesandalucia.es\\\/fr\\\/baptemes-civils\\\/#primaryimage\"},\"thumbnailUrl\":\"https:\\\/\\\/oficiantesandalucia.es\\\/wp-content\\\/uploads\\\/2024\\\/05\\\/Bautismo-Civil-Malaga.jpg\",\"datePublished\":\"2024-05-07T12:11:27+00:00\",\"dateModified\":\"2024-10-09T10:51:15+00:00\",\"description\":\"Bapt\u00eames civils, non religieux, \u00e0 Malaga, Marbella, Granada, Sevilla, C\u00e1diz, Jerez: c\u00e9r\u00e9monies personnalis\u00e9es.\",\"breadcrumb\":{\"@id\":\"https:\\\/\\\/oficiantesandalucia.es\\\/fr\\\/baptemes-civils\\\/#breadcrumb\"},\"inLanguage\":\"fr-FR\",\"potentialAction\":[{\"@type\":\"ReadAction\",\"target\":[\"https:\\\/\\\/oficiantesandalucia.es\\\/fr\\\/baptemes-civils\\\/\"]}]},{\"@type\":\"ImageObject\",\"inLanguage\":\"fr-FR\",\"@id\":\"https:\\\/\\\/oficiantesandalucia.es\\\/fr\\\/baptemes-civils\\\/#primaryimage\",\"url\":\"https:\\\/\\\/oficiantesandalucia.es\\\/wp-content\\\/uploads\\\/2024\\\/05\\\/Bautismo-Civil-Malaga.jpg\",\"contentUrl\":\"https:\\\/\\\/oficiantesandalucia.es\\\/wp-content\\\/uploads\\\/2024\\\/05\\\/Bautismo-Civil-Malaga.jpg\",\"width\":1200,\"height\":630,\"caption\":\"Civil Baptesme\"},{\"@type\":\"BreadcrumbList\",\"@id\":\"https:\\\/\\\/oficiantesandalucia.es\\\/fr\\\/baptemes-civils\\\/#breadcrumb\",\"itemListElement\":[{\"@type\":\"ListItem\",\"position\":1,\"name\":\"Portada\",\"item\":\"https:\\\/\\\/oficiantesandalucia.es\\\/fr\\\/\"},{\"@type\":\"ListItem\",\"position\":2,\"name\":\"Bapt\u00eame civil\"}]},{\"@type\":\"WebSite\",\"@id\":\"https:\\\/\\\/oficiantesandalucia.es\\\/fr\\\/#website\",\"url\":\"https:\\\/\\\/oficiantesandalucia.es\\\/fr\\\/\",\"name\":\"Oficiantes Andaluc\u00eda\",\"description\":\"Ceremonias civiles\",\"publisher\":{\"@id\":\"https:\\\/\\\/oficiantesandalucia.es\\\/fr\\\/#organization\"},\"potentialAction\":[{\"@type\":\"SearchAction\",\"target\":{\"@type\":\"EntryPoint\",\"urlTemplate\":\"https:\\\/\\\/oficiantesandalucia.es\\\/fr\\\/?s={search_term_string}\"},\"query-input\":{\"@type\":\"PropertyValueSpecification\",\"valueRequired\":true,\"valueName\":\"search_term_string\"}}],\"inLanguage\":\"fr-FR\"},{\"@type\":\"Organization\",\"@id\":\"https:\\\/\\\/oficiantesandalucia.es\\\/fr\\\/#organization\",\"name\":\"Oficiantes Andaluc\u00eda\",\"url\":\"https:\\\/\\\/oficiantesandalucia.es\\\/fr\\\/\",\"logo\":{\"@type\":\"ImageObject\",\"inLanguage\":\"fr-FR\",\"@id\":\"https:\\\/\\\/oficiantesandalucia.es\\\/fr\\\/#\\\/schema\\\/logo\\\/image\\\/\",\"url\":\"https:\\\/\\\/oficiantesandalucia.es\\\/wp-content\\\/uploads\\\/2024\\\/01\\\/Sello-oficiantes-Andalucia.png\",\"contentUrl\":\"https:\\\/\\\/oficiantesandalucia.es\\\/wp-content\\\/uploads\\\/2024\\\/01\\\/Sello-oficiantes-Andalucia.png\",\"width\":1246,\"height\":1249,\"caption\":\"Oficiantes Andaluc\u00eda\"},\"image\":{\"@id\":\"https:\\\/\\\/oficiantesandalucia.es\\\/fr\\\/#\\\/schema\\\/logo\\\/image\\\/\"},\"sameAs\":[\"https:\\\/\\\/www.instagram.com\\\/oficiantes_andalucia\"]}]}<\/script>\n<!-- \/ Yoast SEO plugin. -->","yoast_head_json":{"title":"Bapt\u00eame civil - Oficiantes Andaluc&iacute;a","description":"Bapt\u00eames civils, non religieux, \u00e0 Malaga, Marbella, Granada, Sevilla, C\u00e1diz, Jerez: c\u00e9r\u00e9monies personnalis\u00e9es.","robots":{"index":"index","follow":"follow","max-snippet":"max-snippet:-1","max-image-preview":"max-image-preview:large","max-video-preview":"max-video-preview:-1"},"canonical":"https:\/\/oficiantesandalucia.es\/fr\/baptemes-civils\/","og_locale":"fr_FR","og_type":"article","og_title":"Bapt\u00eame civil - Oficiantes Andaluc&iacute;a","og_description":"Bapt\u00eames civils, non religieux, \u00e0 Malaga, Marbella, Granada, Sevilla, C\u00e1diz, Jerez: c\u00e9r\u00e9monies personnalis\u00e9es.","og_url":"https:\/\/oficiantesandalucia.es\/fr\/baptemes-civils\/","og_site_name":"Oficiantes Andaluc&iacute;a","article_modified_time":"2024-10-09T10:51:15+00:00","og_image":[{"width":1200,"height":630,"url":"https:\/\/oficiantesandalucia.es\/wp-content\/uploads\/2024\/05\/Bautismo-Civil-Malaga.jpg","type":"image\/jpeg"}],"twitter_card":"summary_large_image","twitter_misc":{"Dur\u00e9e de lecture estim\u00e9e":"3 minutes"},"schema":{"@context":"https:\/\/schema.org","@graph":[{"@type":"WebPage","@id":"https:\/\/oficiantesandalucia.es\/fr\/baptemes-civils\/","url":"https:\/\/oficiantesandalucia.es\/fr\/baptemes-civils\/","name":"Bapt\u00eame civil - Oficiantes Andaluc&iacute;a","isPartOf":{"@id":"https:\/\/oficiantesandalucia.es\/fr\/#website"},"primaryImageOfPage":{"@id":"https:\/\/oficiantesandalucia.es\/fr\/baptemes-civils\/#primaryimage"},"image":{"@id":"https:\/\/oficiantesandalucia.es\/fr\/baptemes-civils\/#primaryimage"},"thumbnailUrl":"https:\/\/oficiantesandalucia.es\/wp-content\/uploads\/2024\/05\/Bautismo-Civil-Malaga.jpg","datePublished":"2024-05-07T12:11:27+00:00","dateModified":"2024-10-09T10:51:15+00:00","description":"Bapt\u00eames civils, non religieux, \u00e0 Malaga, Marbella, Granada, Sevilla, C\u00e1diz, Jerez: c\u00e9r\u00e9monies personnalis\u00e9es.","breadcrumb":{"@id":"https:\/\/oficiantesandalucia.es\/fr\/baptemes-civils\/#breadcrumb"},"inLanguage":"fr-FR","potentialAction":[{"@type":"ReadAction","target":["https:\/\/oficiantesandalucia.es\/fr\/baptemes-civils\/"]}]},{"@type":"ImageObject","inLanguage":"fr-FR","@id":"https:\/\/oficiantesandalucia.es\/fr\/baptemes-civils\/#primaryimage","url":"https:\/\/oficiantesandalucia.es\/wp-content\/uploads\/2024\/05\/Bautismo-Civil-Malaga.jpg","contentUrl":"https:\/\/oficiantesandalucia.es\/wp-content\/uploads\/2024\/05\/Bautismo-Civil-Malaga.jpg","width":1200,"height":630,"caption":"Civil Baptesme"},{"@type":"BreadcrumbList","@id":"https:\/\/oficiantesandalucia.es\/fr\/baptemes-civils\/#breadcrumb","itemListElement":[{"@type":"ListItem","position":1,"name":"Portada","item":"https:\/\/oficiantesandalucia.es\/fr\/"},{"@type":"ListItem","position":2,"name":"Bapt\u00eame civil"}]},{"@type":"WebSite","@id":"https:\/\/oficiantesandalucia.es\/fr\/#website","url":"https:\/\/oficiantesandalucia.es\/fr\/","name":"Oficiantes Andaluc\u00eda","description":"Ceremonias civiles","publisher":{"@id":"https:\/\/oficiantesandalucia.es\/fr\/#organization"},"potentialAction":[{"@type":"SearchAction","target":{"@type":"EntryPoint","urlTemplate":"https:\/\/oficiantesandalucia.es\/fr\/?s={search_term_string}"},"query-input":{"@type":"PropertyValueSpecification","valueRequired":true,"valueName":"search_term_string"}}],"inLanguage":"fr-FR"},{"@type":"Organization","@id":"https:\/\/oficiantesandalucia.es\/fr\/#organization","name":"Oficiantes Andaluc\u00eda","url":"https:\/\/oficiantesandalucia.es\/fr\/","logo":{"@type":"ImageObject","inLanguage":"fr-FR","@id":"https:\/\/oficiantesandalucia.es\/fr\/#\/schema\/logo\/image\/","url":"https:\/\/oficiantesandalucia.es\/wp-content\/uploads\/2024\/01\/Sello-oficiantes-Andalucia.png","contentUrl":"https:\/\/oficiantesandalucia.es\/wp-content\/uploads\/2024\/01\/Sello-oficiantes-Andalucia.png","width":1246,"height":1249,"caption":"Oficiantes Andaluc\u00eda"},"image":{"@id":"https:\/\/oficiantesandalucia.es\/fr\/#\/schema\/logo\/image\/"},"sameAs":["https:\/\/www.instagram.com\/oficiantes_andalucia"]}]}},"_links":{"self":[{"href":"https:\/\/oficiantesandalucia.es\/fr\/wp-json\/wp\/v2\/pages\/3060","targetHints":{"allow":["GET"]}}],"collection":[{"href":"https:\/\/oficiantesandalucia.es\/fr\/wp-json\/wp\/v2\/pages"}],"about":[{"href":"https:\/\/oficiantesandalucia.es\/fr\/wp-json\/wp\/v2\/types\/page"}],"author":[{"embeddable":true,"href":"https:\/\/oficiantesandalucia.es\/fr\/wp-json\/wp\/v2\/users\/1"}],"replies":[{"embeddable":true,"href":"https:\/\/oficiantesandalucia.es\/fr\/wp-json\/wp\/v2\/comments?post=3060"}],"version-history":[{"count":5,"href":"https:\/\/oficiantesandalucia.es\/fr\/wp-json\/wp\/v2\/pages\/3060\/revisions"}],"predecessor-version":[{"id":3724,"href":"https:\/\/oficiantesandalucia.es\/fr\/wp-json\/wp\/v2\/pages\/3060\/revisions\/3724"}],"wp:featuredmedia":[{"embeddable":true,"href":"https:\/\/oficiantesandalucia.es\/fr\/wp-json\/wp\/v2\/media\/3056"}],"wp:attachment":[{"href":"https:\/\/oficiantesandalucia.es\/fr\/wp-json\/wp\/v2\/media?parent=3060"}],"curies":[{"name":"wp","href":"https:\/\/api.w.org\/{rel}","templated":true}]}}