{"id":3078,"date":"2024-03-20T08:50:09","date_gmt":"2024-03-20T07:50:09","guid":{"rendered":"https:\/\/oficiantesandalucia.es\/contacto\/"},"modified":"2024-06-05T20:01:55","modified_gmt":"2024-06-05T18:01:55","slug":"contacto","status":"publish","type":"page","link":"https:\/\/oficiantesandalucia.es\/fr\/contacto\/","title":{"rendered":"Contact"},"content":{"rendered":"\n<p>Nous pouvons c\u00e9l\u00e9brer votre c\u00e9r\u00e9monie civile en espagnol ou en fran\u00e7ais, anglais, italien, portugais, su\u00e9dois, allemand et n\u00e9erlandais. \u00c9galement en deux langues en m\u00eame temps. <em><strong>Demandez un entretien par appel vid\u00e9o !<\/strong><\/em><\/p>\n<div class=\"wp-block-image\">\n<figure class=\"aligncenter size-large is-resized\"><img loading=\"lazy\" decoding=\"async\" width=\"1024\" height=\"116\" src=\"https:\/\/oficiantesandalucia.es\/wp-content\/uploads\/2024\/02\/Banderas-oficiantes-Celebrants-Spain_F01-1-1024x116.png\" alt=\"\" class=\"wp-image-1037\" style=\"width:652px;height:auto\" srcset=\"https:\/\/oficiantesandalucia.es\/wp-content\/uploads\/2024\/02\/Banderas-oficiantes-Celebrants-Spain_F01-1-1024x116.png 1024w, https:\/\/oficiantesandalucia.es\/wp-content\/uploads\/2024\/02\/Banderas-oficiantes-Celebrants-Spain_F01-1-300x34.png 300w, https:\/\/oficiantesandalucia.es\/wp-content\/uploads\/2024\/02\/Banderas-oficiantes-Celebrants-Spain_F01-1-768x87.png 768w, https:\/\/oficiantesandalucia.es\/wp-content\/uploads\/2024\/02\/Banderas-oficiantes-Celebrants-Spain_F01-1-1536x174.png 1536w, https:\/\/oficiantesandalucia.es\/wp-content\/uploads\/2024\/02\/Banderas-oficiantes-Celebrants-Spain_F01-1-2048x232.png 2048w, https:\/\/oficiantesandalucia.es\/wp-content\/uploads\/2024\/02\/Banderas-oficiantes-Celebrants-Spain_F01-1-690x78.png 690w\" sizes=\"auto, (max-width: 1024px) 100vw, 1024px\" \/><\/figure>\n<\/div>\n<p><em>Pour v\u00e9rifier la disponibilit\u00e9, veuillez nous envoyer un e-mail ou un whatsapp avec les informations suivantes :<\/em><br\/><\/p>\n\n<p>Date de la c\u00e9r\u00e9monie :<\/p>\n\n<p>Heure de la c\u00e9r\u00e9monie :<\/p>\n\n<p>Lieu de la c\u00e9r\u00e9monie : H\u00f4tel, cortijo, restaurant&#8230;<\/p>\n\n<p>Municipalit\u00e9 :<\/p>\n\n<p>Nombre approximatif d&#8217;invit\u00e9s :<\/p>\n\n<p>Langue\/s :<\/p>\n\n<p><strong>par courriel :<\/strong> <em>antonio@oficiantesandalucia.es<\/em><\/p>\n\n<p><strong>Par whatsapp :<\/strong> (+34) 699 903 691<\/p>\n","protected":false},"excerpt":{"rendered":"<p>Nous pouvons c\u00e9l\u00e9brer votre c\u00e9r\u00e9monie civile en espagnol ou en fran\u00e7ais, anglais, italien, portugais, su\u00e9dois, allemand et n\u00e9erlandais. \u00c9galement en deux langues en m\u00eame temps. Demandez un entretien par appel vid\u00e9o ! Pour v\u00e9rifier la [&hellip;]<\/p>\n","protected":false},"author":1,"featured_media":0,"parent":0,"menu_order":0,"comment_status":"closed","ping_status":"closed","template":"","meta":{"inline_featured_image":false,"_joinchat":[],"footnotes":""},"class_list":["post-3078","page","type-page","status-publish","hentry"],"yoast_head":"<!-- This site is optimized with the Yoast SEO plugin v27.4 - https:\/\/yoast.com\/product\/yoast-seo-wordpress\/ -->\n<title>Contact - Oficiantes Andaluc&iacute;a<\/title>\n<meta name=\"description\" content=\"C\u00e9lebrant en espagnol, fran\u00e7ais, anglais, allemand, su\u00e9dois, italien : mariages personnalis\u00e9s \u00e0 Grenade, Cadix, Cordoue, Jaen, Tarifa...\" \/>\n<meta name=\"robots\" content=\"index, follow, max-snippet:-1, max-image-preview:large, max-video-preview:-1\" \/>\n<link rel=\"canonical\" href=\"https:\/\/oficiantesandalucia.es\/fr\/contacto\/\" \/>\n<meta property=\"og:locale\" content=\"fr_FR\" \/>\n<meta property=\"og:type\" content=\"article\" \/>\n<meta property=\"og:title\" content=\"Contact - Oficiantes Andaluc&iacute;a\" \/>\n<meta property=\"og:description\" content=\"C\u00e9lebrant en espagnol, fran\u00e7ais, anglais, allemand, su\u00e9dois, italien : mariages personnalis\u00e9s \u00e0 Grenade, Cadix, Cordoue, Jaen, Tarifa...\" \/>\n<meta property=\"og:url\" content=\"https:\/\/oficiantesandalucia.es\/fr\/contacto\/\" \/>\n<meta property=\"og:site_name\" content=\"Oficiantes Andaluc&iacute;a\" \/>\n<meta property=\"article:modified_time\" content=\"2024-06-05T18:01:55+00:00\" \/>\n<meta property=\"og:image\" content=\"https:\/\/oficiantesandalucia.es\/wp-content\/uploads\/2024\/02\/Banderas-oficiantes-Celebrants-Spain_F01-1-1024x116.png\" \/>\n<meta name=\"twitter:card\" content=\"summary_large_image\" \/>\n<script type=\"application\/ld+json\" class=\"yoast-schema-graph\">{\"@context\":\"https:\\\/\\\/schema.org\",\"@graph\":[{\"@type\":\"WebPage\",\"@id\":\"https:\\\/\\\/oficiantesandalucia.es\\\/fr\\\/contacto\\\/\",\"url\":\"https:\\\/\\\/oficiantesandalucia.es\\\/fr\\\/contacto\\\/\",\"name\":\"Contact - Oficiantes Andaluc&iacute;a\",\"isPartOf\":{\"@id\":\"https:\\\/\\\/oficiantesandalucia.es\\\/fr\\\/#website\"},\"primaryImageOfPage\":{\"@id\":\"https:\\\/\\\/oficiantesandalucia.es\\\/fr\\\/contacto\\\/#primaryimage\"},\"image\":{\"@id\":\"https:\\\/\\\/oficiantesandalucia.es\\\/fr\\\/contacto\\\/#primaryimage\"},\"thumbnailUrl\":\"https:\\\/\\\/oficiantesandalucia.es\\\/wp-content\\\/uploads\\\/2024\\\/02\\\/Banderas-oficiantes-Celebrants-Spain_F01-1-1024x116.png\",\"datePublished\":\"2024-03-20T07:50:09+00:00\",\"dateModified\":\"2024-06-05T18:01:55+00:00\",\"description\":\"C\u00e9lebrant en espagnol, fran\u00e7ais, anglais, allemand, su\u00e9dois, italien : mariages personnalis\u00e9s \u00e0 Grenade, Cadix, Cordoue, Jaen, Tarifa...\",\"breadcrumb\":{\"@id\":\"https:\\\/\\\/oficiantesandalucia.es\\\/fr\\\/contacto\\\/#breadcrumb\"},\"inLanguage\":\"fr-FR\",\"potentialAction\":[{\"@type\":\"ReadAction\",\"target\":[\"https:\\\/\\\/oficiantesandalucia.es\\\/fr\\\/contacto\\\/\"]}]},{\"@type\":\"ImageObject\",\"inLanguage\":\"fr-FR\",\"@id\":\"https:\\\/\\\/oficiantesandalucia.es\\\/fr\\\/contacto\\\/#primaryimage\",\"url\":\"https:\\\/\\\/oficiantesandalucia.es\\\/wp-content\\\/uploads\\\/2024\\\/02\\\/Banderas-oficiantes-Celebrants-Spain_F01-1-1024x116.png\",\"contentUrl\":\"https:\\\/\\\/oficiantesandalucia.es\\\/wp-content\\\/uploads\\\/2024\\\/02\\\/Banderas-oficiantes-Celebrants-Spain_F01-1-1024x116.png\"},{\"@type\":\"BreadcrumbList\",\"@id\":\"https:\\\/\\\/oficiantesandalucia.es\\\/fr\\\/contacto\\\/#breadcrumb\",\"itemListElement\":[{\"@type\":\"ListItem\",\"position\":1,\"name\":\"Portada\",\"item\":\"https:\\\/\\\/oficiantesandalucia.es\\\/fr\\\/\"},{\"@type\":\"ListItem\",\"position\":2,\"name\":\"Contact\"}]},{\"@type\":\"WebSite\",\"@id\":\"https:\\\/\\\/oficiantesandalucia.es\\\/fr\\\/#website\",\"url\":\"https:\\\/\\\/oficiantesandalucia.es\\\/fr\\\/\",\"name\":\"Oficiantes Andaluc\u00eda\",\"description\":\"Ceremonias civiles\",\"publisher\":{\"@id\":\"https:\\\/\\\/oficiantesandalucia.es\\\/fr\\\/#organization\"},\"potentialAction\":[{\"@type\":\"SearchAction\",\"target\":{\"@type\":\"EntryPoint\",\"urlTemplate\":\"https:\\\/\\\/oficiantesandalucia.es\\\/fr\\\/?s={search_term_string}\"},\"query-input\":{\"@type\":\"PropertyValueSpecification\",\"valueRequired\":true,\"valueName\":\"search_term_string\"}}],\"inLanguage\":\"fr-FR\"},{\"@type\":\"Organization\",\"@id\":\"https:\\\/\\\/oficiantesandalucia.es\\\/fr\\\/#organization\",\"name\":\"Oficiantes Andaluc\u00eda\",\"url\":\"https:\\\/\\\/oficiantesandalucia.es\\\/fr\\\/\",\"logo\":{\"@type\":\"ImageObject\",\"inLanguage\":\"fr-FR\",\"@id\":\"https:\\\/\\\/oficiantesandalucia.es\\\/fr\\\/#\\\/schema\\\/logo\\\/image\\\/\",\"url\":\"https:\\\/\\\/oficiantesandalucia.es\\\/wp-content\\\/uploads\\\/2024\\\/01\\\/Sello-oficiantes-Andalucia.png\",\"contentUrl\":\"https:\\\/\\\/oficiantesandalucia.es\\\/wp-content\\\/uploads\\\/2024\\\/01\\\/Sello-oficiantes-Andalucia.png\",\"width\":1246,\"height\":1249,\"caption\":\"Oficiantes Andaluc\u00eda\"},\"image\":{\"@id\":\"https:\\\/\\\/oficiantesandalucia.es\\\/fr\\\/#\\\/schema\\\/logo\\\/image\\\/\"},\"sameAs\":[\"https:\\\/\\\/www.instagram.com\\\/oficiantes_andalucia\"]}]}<\/script>\n<!-- \/ Yoast SEO plugin. -->","yoast_head_json":{"title":"Contact - Oficiantes Andaluc&iacute;a","description":"C\u00e9lebrant en espagnol, fran\u00e7ais, anglais, allemand, su\u00e9dois, italien : mariages personnalis\u00e9s \u00e0 Grenade, Cadix, Cordoue, Jaen, Tarifa...","robots":{"index":"index","follow":"follow","max-snippet":"max-snippet:-1","max-image-preview":"max-image-preview:large","max-video-preview":"max-video-preview:-1"},"canonical":"https:\/\/oficiantesandalucia.es\/fr\/contacto\/","og_locale":"fr_FR","og_type":"article","og_title":"Contact - Oficiantes Andaluc&iacute;a","og_description":"C\u00e9lebrant en espagnol, fran\u00e7ais, anglais, allemand, su\u00e9dois, italien : mariages personnalis\u00e9s \u00e0 Grenade, Cadix, Cordoue, Jaen, Tarifa...","og_url":"https:\/\/oficiantesandalucia.es\/fr\/contacto\/","og_site_name":"Oficiantes Andaluc&iacute;a","article_modified_time":"2024-06-05T18:01:55+00:00","og_image":[{"url":"https:\/\/oficiantesandalucia.es\/wp-content\/uploads\/2024\/02\/Banderas-oficiantes-Celebrants-Spain_F01-1-1024x116.png","type":"","width":"","height":""}],"twitter_card":"summary_large_image","schema":{"@context":"https:\/\/schema.org","@graph":[{"@type":"WebPage","@id":"https:\/\/oficiantesandalucia.es\/fr\/contacto\/","url":"https:\/\/oficiantesandalucia.es\/fr\/contacto\/","name":"Contact - Oficiantes Andaluc&iacute;a","isPartOf":{"@id":"https:\/\/oficiantesandalucia.es\/fr\/#website"},"primaryImageOfPage":{"@id":"https:\/\/oficiantesandalucia.es\/fr\/contacto\/#primaryimage"},"image":{"@id":"https:\/\/oficiantesandalucia.es\/fr\/contacto\/#primaryimage"},"thumbnailUrl":"https:\/\/oficiantesandalucia.es\/wp-content\/uploads\/2024\/02\/Banderas-oficiantes-Celebrants-Spain_F01-1-1024x116.png","datePublished":"2024-03-20T07:50:09+00:00","dateModified":"2024-06-05T18:01:55+00:00","description":"C\u00e9lebrant en espagnol, fran\u00e7ais, anglais, allemand, su\u00e9dois, italien : mariages personnalis\u00e9s \u00e0 Grenade, Cadix, Cordoue, Jaen, Tarifa...","breadcrumb":{"@id":"https:\/\/oficiantesandalucia.es\/fr\/contacto\/#breadcrumb"},"inLanguage":"fr-FR","potentialAction":[{"@type":"ReadAction","target":["https:\/\/oficiantesandalucia.es\/fr\/contacto\/"]}]},{"@type":"ImageObject","inLanguage":"fr-FR","@id":"https:\/\/oficiantesandalucia.es\/fr\/contacto\/#primaryimage","url":"https:\/\/oficiantesandalucia.es\/wp-content\/uploads\/2024\/02\/Banderas-oficiantes-Celebrants-Spain_F01-1-1024x116.png","contentUrl":"https:\/\/oficiantesandalucia.es\/wp-content\/uploads\/2024\/02\/Banderas-oficiantes-Celebrants-Spain_F01-1-1024x116.png"},{"@type":"BreadcrumbList","@id":"https:\/\/oficiantesandalucia.es\/fr\/contacto\/#breadcrumb","itemListElement":[{"@type":"ListItem","position":1,"name":"Portada","item":"https:\/\/oficiantesandalucia.es\/fr\/"},{"@type":"ListItem","position":2,"name":"Contact"}]},{"@type":"WebSite","@id":"https:\/\/oficiantesandalucia.es\/fr\/#website","url":"https:\/\/oficiantesandalucia.es\/fr\/","name":"Oficiantes Andaluc\u00eda","description":"Ceremonias civiles","publisher":{"@id":"https:\/\/oficiantesandalucia.es\/fr\/#organization"},"potentialAction":[{"@type":"SearchAction","target":{"@type":"EntryPoint","urlTemplate":"https:\/\/oficiantesandalucia.es\/fr\/?s={search_term_string}"},"query-input":{"@type":"PropertyValueSpecification","valueRequired":true,"valueName":"search_term_string"}}],"inLanguage":"fr-FR"},{"@type":"Organization","@id":"https:\/\/oficiantesandalucia.es\/fr\/#organization","name":"Oficiantes Andaluc\u00eda","url":"https:\/\/oficiantesandalucia.es\/fr\/","logo":{"@type":"ImageObject","inLanguage":"fr-FR","@id":"https:\/\/oficiantesandalucia.es\/fr\/#\/schema\/logo\/image\/","url":"https:\/\/oficiantesandalucia.es\/wp-content\/uploads\/2024\/01\/Sello-oficiantes-Andalucia.png","contentUrl":"https:\/\/oficiantesandalucia.es\/wp-content\/uploads\/2024\/01\/Sello-oficiantes-Andalucia.png","width":1246,"height":1249,"caption":"Oficiantes Andaluc\u00eda"},"image":{"@id":"https:\/\/oficiantesandalucia.es\/fr\/#\/schema\/logo\/image\/"},"sameAs":["https:\/\/www.instagram.com\/oficiantes_andalucia"]}]}},"_links":{"self":[{"href":"https:\/\/oficiantesandalucia.es\/fr\/wp-json\/wp\/v2\/pages\/3078","targetHints":{"allow":["GET"]}}],"collection":[{"href":"https:\/\/oficiantesandalucia.es\/fr\/wp-json\/wp\/v2\/pages"}],"about":[{"href":"https:\/\/oficiantesandalucia.es\/fr\/wp-json\/wp\/v2\/types\/page"}],"author":[{"embeddable":true,"href":"https:\/\/oficiantesandalucia.es\/fr\/wp-json\/wp\/v2\/users\/1"}],"replies":[{"embeddable":true,"href":"https:\/\/oficiantesandalucia.es\/fr\/wp-json\/wp\/v2\/comments?post=3078"}],"version-history":[{"count":3,"href":"https:\/\/oficiantesandalucia.es\/fr\/wp-json\/wp\/v2\/pages\/3078\/revisions"}],"predecessor-version":[{"id":3085,"href":"https:\/\/oficiantesandalucia.es\/fr\/wp-json\/wp\/v2\/pages\/3078\/revisions\/3085"}],"wp:attachment":[{"href":"https:\/\/oficiantesandalucia.es\/fr\/wp-json\/wp\/v2\/media?parent=3078"}],"curies":[{"name":"wp","href":"https:\/\/api.w.org\/{rel}","templated":true}]}}