{"id":3108,"date":"2024-03-20T12:03:55","date_gmt":"2024-03-20T11:03:55","guid":{"rendered":"https:\/\/oficiantesandalucia.es\/musique\/"},"modified":"2024-11-15T11:26:42","modified_gmt":"2024-11-15T10:26:42","slug":"musique","status":"publish","type":"page","link":"https:\/\/oficiantesandalucia.es\/fr\/musique\/","title":{"rendered":"Musique"},"content":{"rendered":"\n<p>Voici quelques liens avec les chansons qui sont habituellement jou\u00e9es \u00e0 l&#8217;entr\u00e9e des mari\u00e9s, ainsi qu&#8217;\u00e0 la sortie de la c\u00e9r\u00e9monie et m\u00eame en musique de fond pour les lectures ou lors d&#8217;un rituel.<\/p>\n\n\n\n<p><iframe loading=\"lazy\" style=\"border-radius: 12px;\" src=\"https:\/\/open.spotify.com\/embed\/playlist\/3F41pOBhe9MCUbqbUiBnKL?utm_source=generator\" width=\"100%\" height=\"580\" frameborder=\"0\" allowfullscreen=\"allowfullscreen\">&amp;amp;amp;amp;lt;&amp;amp;amp;amp;gt;&amp;amp;amp;amp;lt;Chansons pour l&#8217;<\/iframe> <\/p>\n\n\n\n<p>Et pour la sortie des mari\u00e9s, \u00e0 la fin de la c\u00e9r\u00e9monie, il y a g\u00e9n\u00e9ralement quelque chose de plus vivant :<\/p>\n\n\n\n<p><a href=\"https:\/\/www.youtube.com\/watch?v=mEnUhjmwjlI\" target=\"_blank\" rel=\"noreferrer noopener\">Je ne peux cesser de vous aimer<\/a><\/p>\n\n\n\n<p><a href=\"https:\/\/www.youtube.com\/watch?v=3JWTaaS7LdU\" target=\"_blank\" rel=\"noreferrer noopener\">Je vous aimerai toujours<\/a> <a href=\"https:\/\/www.youtube.com\/watch?v=QWfDjwuj7ao\" target=\"_blank\" rel=\"noreferrer noopener\">Joyeux vous<\/a> <\/p>\n\n\n\n<p><a href=\"https:\/\/www.youtube.com\/watch?v=Y66j_BUCBMY\" target=\"_blank\" rel=\"noreferrer noopener\">Le meilleur jour de ma vie<\/a> <\/p>\n\n\n\n<p><a href=\"https:\/\/www.youtube.com\/watch?v=VPRjCeoBqrI\" target=\"_blank\" rel=\"noreferrer noopener\">Un ciel plein d&#8217;\u00e9toiles<\/a><\/p>\n","protected":false},"excerpt":{"rendered":"<p>Voici quelques liens avec les chansons qui sont habituellement jou\u00e9es \u00e0 l&#8217;entr\u00e9e des mari\u00e9s, ainsi qu&#8217;\u00e0 la sortie de la c\u00e9r\u00e9monie et m\u00eame en musique de fond pour les lectures ou lors d&#8217;un rituel. &amp;amp;amp;amp;lt;&amp;amp;amp;amp;gt;&amp;amp;amp;amp;lt;Chansons [&hellip;]<\/p>\n","protected":false},"author":1,"featured_media":0,"parent":0,"menu_order":0,"comment_status":"closed","ping_status":"closed","template":"","meta":{"inline_featured_image":false,"_joinchat":[],"footnotes":""},"class_list":["post-3108","page","type-page","status-publish","hentry"],"yoast_head":"<!-- This site is optimized with the Yoast SEO plugin v27.4 - https:\/\/yoast.com\/product\/yoast-seo-wordpress\/ -->\n<title>Musique - Oficiantes Andaluc&iacute;a<\/title>\n<meta name=\"description\" content=\"Musique pour l&#039;entr\u00e9e du mari\u00e9, pour l&#039;entr\u00e9e de la mari\u00e9e, musique pour la fin de la c\u00e9r\u00e9monie, musique de mariage en direct.\" \/>\n<meta name=\"robots\" content=\"index, follow, max-snippet:-1, max-image-preview:large, max-video-preview:-1\" \/>\n<link rel=\"canonical\" href=\"https:\/\/oficiantesandalucia.es\/fr\/musique\/\" \/>\n<meta property=\"og:locale\" content=\"fr_FR\" \/>\n<meta property=\"og:type\" content=\"article\" \/>\n<meta property=\"og:title\" content=\"Musique - Oficiantes Andaluc&iacute;a\" \/>\n<meta property=\"og:description\" content=\"Musique pour l&#039;entr\u00e9e du mari\u00e9, pour l&#039;entr\u00e9e de la mari\u00e9e, musique pour la fin de la c\u00e9r\u00e9monie, musique de mariage en direct.\" \/>\n<meta property=\"og:url\" content=\"https:\/\/oficiantesandalucia.es\/fr\/musique\/\" \/>\n<meta property=\"og:site_name\" content=\"Oficiantes Andaluc&iacute;a\" \/>\n<meta property=\"article:modified_time\" content=\"2024-11-15T10:26:42+00:00\" \/>\n<meta name=\"twitter:card\" content=\"summary_large_image\" \/>\n<meta name=\"twitter:label1\" content=\"Dur\u00e9e de lecture estim\u00e9e\" \/>\n\t<meta name=\"twitter:data1\" content=\"1 minute\" \/>\n<script type=\"application\/ld+json\" class=\"yoast-schema-graph\">{\"@context\":\"https:\\\/\\\/schema.org\",\"@graph\":[{\"@type\":\"WebPage\",\"@id\":\"https:\\\/\\\/oficiantesandalucia.es\\\/fr\\\/musique\\\/\",\"url\":\"https:\\\/\\\/oficiantesandalucia.es\\\/fr\\\/musique\\\/\",\"name\":\"Musique - Oficiantes Andaluc&iacute;a\",\"isPartOf\":{\"@id\":\"https:\\\/\\\/oficiantesandalucia.es\\\/fr\\\/#website\"},\"datePublished\":\"2024-03-20T11:03:55+00:00\",\"dateModified\":\"2024-11-15T10:26:42+00:00\",\"description\":\"Musique pour l'entr\u00e9e du mari\u00e9, pour l'entr\u00e9e de la mari\u00e9e, musique pour la fin de la c\u00e9r\u00e9monie, musique de mariage en direct.\",\"breadcrumb\":{\"@id\":\"https:\\\/\\\/oficiantesandalucia.es\\\/fr\\\/musique\\\/#breadcrumb\"},\"inLanguage\":\"fr-FR\",\"potentialAction\":[{\"@type\":\"ReadAction\",\"target\":[\"https:\\\/\\\/oficiantesandalucia.es\\\/fr\\\/musique\\\/\"]}]},{\"@type\":\"BreadcrumbList\",\"@id\":\"https:\\\/\\\/oficiantesandalucia.es\\\/fr\\\/musique\\\/#breadcrumb\",\"itemListElement\":[{\"@type\":\"ListItem\",\"position\":1,\"name\":\"Portada\",\"item\":\"https:\\\/\\\/oficiantesandalucia.es\\\/fr\\\/\"},{\"@type\":\"ListItem\",\"position\":2,\"name\":\"Musique\"}]},{\"@type\":\"WebSite\",\"@id\":\"https:\\\/\\\/oficiantesandalucia.es\\\/fr\\\/#website\",\"url\":\"https:\\\/\\\/oficiantesandalucia.es\\\/fr\\\/\",\"name\":\"Oficiantes Andaluc\u00eda\",\"description\":\"Ceremonias civiles\",\"publisher\":{\"@id\":\"https:\\\/\\\/oficiantesandalucia.es\\\/fr\\\/#organization\"},\"potentialAction\":[{\"@type\":\"SearchAction\",\"target\":{\"@type\":\"EntryPoint\",\"urlTemplate\":\"https:\\\/\\\/oficiantesandalucia.es\\\/fr\\\/?s={search_term_string}\"},\"query-input\":{\"@type\":\"PropertyValueSpecification\",\"valueRequired\":true,\"valueName\":\"search_term_string\"}}],\"inLanguage\":\"fr-FR\"},{\"@type\":\"Organization\",\"@id\":\"https:\\\/\\\/oficiantesandalucia.es\\\/fr\\\/#organization\",\"name\":\"Oficiantes Andaluc\u00eda\",\"url\":\"https:\\\/\\\/oficiantesandalucia.es\\\/fr\\\/\",\"logo\":{\"@type\":\"ImageObject\",\"inLanguage\":\"fr-FR\",\"@id\":\"https:\\\/\\\/oficiantesandalucia.es\\\/fr\\\/#\\\/schema\\\/logo\\\/image\\\/\",\"url\":\"https:\\\/\\\/oficiantesandalucia.es\\\/wp-content\\\/uploads\\\/2024\\\/01\\\/Sello-oficiantes-Andalucia.png\",\"contentUrl\":\"https:\\\/\\\/oficiantesandalucia.es\\\/wp-content\\\/uploads\\\/2024\\\/01\\\/Sello-oficiantes-Andalucia.png\",\"width\":1246,\"height\":1249,\"caption\":\"Oficiantes Andaluc\u00eda\"},\"image\":{\"@id\":\"https:\\\/\\\/oficiantesandalucia.es\\\/fr\\\/#\\\/schema\\\/logo\\\/image\\\/\"},\"sameAs\":[\"https:\\\/\\\/www.instagram.com\\\/oficiantes_andalucia\"]}]}<\/script>\n<!-- \/ Yoast SEO plugin. -->","yoast_head_json":{"title":"Musique - Oficiantes Andaluc&iacute;a","description":"Musique pour l'entr\u00e9e du mari\u00e9, pour l'entr\u00e9e de la mari\u00e9e, musique pour la fin de la c\u00e9r\u00e9monie, musique de mariage en direct.","robots":{"index":"index","follow":"follow","max-snippet":"max-snippet:-1","max-image-preview":"max-image-preview:large","max-video-preview":"max-video-preview:-1"},"canonical":"https:\/\/oficiantesandalucia.es\/fr\/musique\/","og_locale":"fr_FR","og_type":"article","og_title":"Musique - Oficiantes Andaluc&iacute;a","og_description":"Musique pour l'entr\u00e9e du mari\u00e9, pour l'entr\u00e9e de la mari\u00e9e, musique pour la fin de la c\u00e9r\u00e9monie, musique de mariage en direct.","og_url":"https:\/\/oficiantesandalucia.es\/fr\/musique\/","og_site_name":"Oficiantes Andaluc&iacute;a","article_modified_time":"2024-11-15T10:26:42+00:00","twitter_card":"summary_large_image","twitter_misc":{"Dur\u00e9e de lecture estim\u00e9e":"1 minute"},"schema":{"@context":"https:\/\/schema.org","@graph":[{"@type":"WebPage","@id":"https:\/\/oficiantesandalucia.es\/fr\/musique\/","url":"https:\/\/oficiantesandalucia.es\/fr\/musique\/","name":"Musique - Oficiantes Andaluc&iacute;a","isPartOf":{"@id":"https:\/\/oficiantesandalucia.es\/fr\/#website"},"datePublished":"2024-03-20T11:03:55+00:00","dateModified":"2024-11-15T10:26:42+00:00","description":"Musique pour l'entr\u00e9e du mari\u00e9, pour l'entr\u00e9e de la mari\u00e9e, musique pour la fin de la c\u00e9r\u00e9monie, musique de mariage en direct.","breadcrumb":{"@id":"https:\/\/oficiantesandalucia.es\/fr\/musique\/#breadcrumb"},"inLanguage":"fr-FR","potentialAction":[{"@type":"ReadAction","target":["https:\/\/oficiantesandalucia.es\/fr\/musique\/"]}]},{"@type":"BreadcrumbList","@id":"https:\/\/oficiantesandalucia.es\/fr\/musique\/#breadcrumb","itemListElement":[{"@type":"ListItem","position":1,"name":"Portada","item":"https:\/\/oficiantesandalucia.es\/fr\/"},{"@type":"ListItem","position":2,"name":"Musique"}]},{"@type":"WebSite","@id":"https:\/\/oficiantesandalucia.es\/fr\/#website","url":"https:\/\/oficiantesandalucia.es\/fr\/","name":"Oficiantes Andaluc\u00eda","description":"Ceremonias civiles","publisher":{"@id":"https:\/\/oficiantesandalucia.es\/fr\/#organization"},"potentialAction":[{"@type":"SearchAction","target":{"@type":"EntryPoint","urlTemplate":"https:\/\/oficiantesandalucia.es\/fr\/?s={search_term_string}"},"query-input":{"@type":"PropertyValueSpecification","valueRequired":true,"valueName":"search_term_string"}}],"inLanguage":"fr-FR"},{"@type":"Organization","@id":"https:\/\/oficiantesandalucia.es\/fr\/#organization","name":"Oficiantes Andaluc\u00eda","url":"https:\/\/oficiantesandalucia.es\/fr\/","logo":{"@type":"ImageObject","inLanguage":"fr-FR","@id":"https:\/\/oficiantesandalucia.es\/fr\/#\/schema\/logo\/image\/","url":"https:\/\/oficiantesandalucia.es\/wp-content\/uploads\/2024\/01\/Sello-oficiantes-Andalucia.png","contentUrl":"https:\/\/oficiantesandalucia.es\/wp-content\/uploads\/2024\/01\/Sello-oficiantes-Andalucia.png","width":1246,"height":1249,"caption":"Oficiantes Andaluc\u00eda"},"image":{"@id":"https:\/\/oficiantesandalucia.es\/fr\/#\/schema\/logo\/image\/"},"sameAs":["https:\/\/www.instagram.com\/oficiantes_andalucia"]}]}},"_links":{"self":[{"href":"https:\/\/oficiantesandalucia.es\/fr\/wp-json\/wp\/v2\/pages\/3108","targetHints":{"allow":["GET"]}}],"collection":[{"href":"https:\/\/oficiantesandalucia.es\/fr\/wp-json\/wp\/v2\/pages"}],"about":[{"href":"https:\/\/oficiantesandalucia.es\/fr\/wp-json\/wp\/v2\/types\/page"}],"author":[{"embeddable":true,"href":"https:\/\/oficiantesandalucia.es\/fr\/wp-json\/wp\/v2\/users\/1"}],"replies":[{"embeddable":true,"href":"https:\/\/oficiantesandalucia.es\/fr\/wp-json\/wp\/v2\/comments?post=3108"}],"version-history":[{"count":2,"href":"https:\/\/oficiantesandalucia.es\/fr\/wp-json\/wp\/v2\/pages\/3108\/revisions"}],"predecessor-version":[{"id":3879,"href":"https:\/\/oficiantesandalucia.es\/fr\/wp-json\/wp\/v2\/pages\/3108\/revisions\/3879"}],"wp:attachment":[{"href":"https:\/\/oficiantesandalucia.es\/fr\/wp-json\/wp\/v2\/media?parent=3108"}],"curies":[{"name":"wp","href":"https:\/\/api.w.org\/{rel}","templated":true}]}}