{"id":3128,"date":"2024-01-18T13:01:37","date_gmt":"2024-01-18T12:01:37","guid":{"rendered":"https:\/\/oficiantesandalucia.es\/politique-en-matiere-de-cookies\/"},"modified":"2024-01-18T13:01:37","modified_gmt":"2024-01-18T12:01:37","slug":"politique-en-matiere-de-cookies","status":"publish","type":"page","link":"https:\/\/oficiantesandalucia.es\/fr\/politique-en-matiere-de-cookies\/","title":{"rendered":"Politique en mati\u00e8re de cookies"},"content":{"rendered":"<h1>Politique en mati\u00e8re de cookies<\/h1>\n<p>\n  Un <em>cookie<\/em> est un petit fichier texte qui est stock\u00e9 dans votre navigateur lorsque vous visitez presque n&#8217;importe quel site web. Il est utile pour le site web de pouvoir se souvenir de votre visite lorsque vous revenez sur cette page. Les <em>cookies<\/em> stockent g\u00e9n\u00e9ralement des informations de nature technique, des pr\u00e9f\u00e9rences personnelles, la personnalisation du contenu, des statistiques d&#8217;utilisation, des liens vers des r\u00e9seaux sociaux, l&#8217;acc\u00e8s \u00e0 des comptes d&#8217;utilisateurs, etc. L&#8217;objectif du <em>cookie<\/em> est d&#8217;adapter le contenu du site web \u00e0 votre profil et \u00e0 vos besoins. Sans <em>cookies<\/em>, les services offerts par chaque page seraient consid\u00e9rablement r\u00e9duits. Pour plus d&#8217;informations sur ce que sont les <em>cookies<\/em>, ce qu&#8217;ils stockent, comment les supprimer, les d\u00e9sactiver, etc., <a href=\"https:\/\/oficiantesandalucia.es\/mas-informacion-sobre-las-cookies\/\">veuillez suivre ce lien<\/a>.\n<\/p>\n<h2>Cookies utilis\u00e9s sur ce site<\/h2>\n<p>\n  Conform\u00e9ment aux directives de l&#8217;Agence espagnole de protection des donn\u00e9es, nous d\u00e9taillons l&#8217;utilisation des <em>cookies<\/em> sur ce site Web afin de vous informer le plus pr\u00e9cis\u00e9ment possible.\n<\/p>\n<p>\n  Ce site web utilise les <strong>cookies<\/strong> suivants :\n\t<\/p>\n<ul>\n<li>Les cookies de session, pour s&#8217;assurer que les utilisateurs qui publient des commentaires sur le blog sont des \u00eatres humains et non des applications automatis\u00e9es. C&#8217;est ainsi que l&#8217;on peut lutter contre le <em>spam<\/em>.<\/li>\n<\/ul>\n<p>\n  Ce site Web utilise les <strong>cookies de tiers<\/strong> suivants :\n\t<\/p>\n<ul>\n<li>Google Analytics : Stocke des <em>cookies<\/em> pour compiler des statistiques sur le trafic et le volume de visites sur ce site. En utilisant ce site web, vous consentez au traitement des donn\u00e9es vous concernant par Google. Par cons\u00e9quent, vous devez exercer vos droits \u00e0 cet \u00e9gard en contactant directement Google.<\/li>\n<li>R\u00e9seaux sociaux : chaque r\u00e9seau social utilise ses propres <em>cookies<\/em> pour vous permettre de cliquer sur les boutons <em>&#8220;J&#8217;aime&#8221;<\/em> ou &#8221; <em>Partager&#8221;<\/em>.<\/li>\n<\/ul>\n<h2>D\u00e9sactiver ou supprimer les cookies<\/h2>\n<p>\n  Vous pouvez \u00e0 tout moment exercer votre droit de d\u00e9sactiver ou de supprimer les cookies de ce site web. Ces actions sont effectu\u00e9es diff\u00e9remment selon le navigateur que vous utilisez. Voici <a href=\"https:\/\/oficiantesandalucia.es\/mas-informacion-sobre-las-cookies\/#navegadores\">un guide rapide pour les navigateurs les plus courants<\/a>.\n<\/p>\n<h2>Notes compl\u00e9mentaires<\/h2>\n<\/p>\n<ul>\n<li>\n  Ni ce site web ni ses repr\u00e9sentants l\u00e9gaux ne sont responsables du contenu ou de la v\u00e9racit\u00e9 des politiques de confidentialit\u00e9 des tiers mentionn\u00e9s dans cette politique en mati\u00e8re de <em>cookies<\/em>.\n\t\t<\/li>\n<li>\n  Les navigateurs web sont les outils responsables du stockage des <em>cookies<\/em> et c&#8217;est l\u00e0 que vous devez exercer votre droit de les supprimer ou de les d\u00e9sactiver. Ni ce site web ni ses repr\u00e9sentants l\u00e9gaux ne peuvent garantir le traitement correct ou incorrect des <em>cookies<\/em> par les navigateurs susmentionn\u00e9s.\n\t\t<\/li>\n<li>\n  Dans certains cas, il est n\u00e9cessaire d&#8217;installer des <em>cookies<\/em> afin que le navigateur n&#8217;oublie pas votre d\u00e9cision de ne pas les accepter.\n\t\t<\/li>\n<li>\n  Dans le cas des <em>cookies<\/em> Google Analytics, cette soci\u00e9t\u00e9 stocke les <em>cookies<\/em> sur des serveurs situ\u00e9s aux \u00c9tats-Unis et s&#8217;engage \u00e0 ne pas les partager avec des tiers, sauf dans les cas o\u00f9 cela est n\u00e9cessaire pour le fonctionnement du syst\u00e8me ou lorsque la loi l&#8217;exige. Selon Google, il n&#8217;enregistre pas votre adresse IP. Google Inc. est membre de l&#8217;accord Safe Harbour qui garantit que toutes les donn\u00e9es transf\u00e9r\u00e9es seront trait\u00e9es avec un niveau de protection conforme \u00e0 la r\u00e9glementation europ\u00e9enne. Des informations d\u00e9taill\u00e9es sont disponibles <a href=\"http:\/\/safeharbor.export.gov\/companyinfo.aspx?id=16626\" target=\"_blank\" rel=\"noopener\">sur ce lien<\/a>. Si vous souhaitez obtenir plus d&#8217;informations sur l&#8217;utilisation des cookies par Google, <a href=\"https:\/\/developers.google.com\/analytics\/devguides\/collection\/analyticsjs\/cookie-usage?hl=es&amp;csw=1\" target=\"_blank\" rel=\"noopener\">veuillez suivre ce lien<\/a>.\n\t\t<\/li>\n<li>\n  Si vous avez des doutes ou des questions concernant cette politique en mati\u00e8re de <em>cookies<\/em>, n&#8217;h\u00e9sitez pas \u00e0 nous contacter via la section contact.<\/a>\n\t\t<\/li>\n<\/ul>\n","protected":false},"excerpt":{"rendered":"<p>Politique en mati\u00e8re de cookies Un cookie est un petit fichier texte qui est stock\u00e9 dans votre navigateur lorsque vous visitez presque n&#8217;importe quel site web. Il est utile pour le site web de pouvoir [&hellip;]<\/p>\n","protected":false},"author":1,"featured_media":0,"parent":0,"menu_order":0,"comment_status":"closed","ping_status":"closed","template":"","meta":{"inline_featured_image":false,"_joinchat":[],"footnotes":""},"class_list":["post-3128","page","type-page","status-publish","hentry"],"yoast_head":"<!-- This site is optimized with the Yoast SEO plugin v27.4 - https:\/\/yoast.com\/product\/yoast-seo-wordpress\/ -->\n<title>Politique en mati\u00e8re de cookies - Oficiantes Andaluc&iacute;a<\/title>\n<meta name=\"robots\" content=\"index, follow, max-snippet:-1, max-image-preview:large, max-video-preview:-1\" \/>\n<link rel=\"canonical\" href=\"https:\/\/oficiantesandalucia.es\/fr\/politique-en-matiere-de-cookies\/\" \/>\n<meta property=\"og:locale\" content=\"fr_FR\" \/>\n<meta property=\"og:type\" content=\"article\" \/>\n<meta property=\"og:title\" content=\"Politique en mati\u00e8re de cookies - Oficiantes Andaluc&iacute;a\" \/>\n<meta property=\"og:description\" content=\"Politique en mati\u00e8re de cookies Un cookie est un petit fichier texte qui est stock\u00e9 dans votre navigateur lorsque vous visitez presque n&#8217;importe quel site web. Il est utile pour le site web de pouvoir [&hellip;]\" \/>\n<meta property=\"og:url\" content=\"https:\/\/oficiantesandalucia.es\/fr\/politique-en-matiere-de-cookies\/\" \/>\n<meta property=\"og:site_name\" content=\"Oficiantes Andaluc&iacute;a\" \/>\n<meta name=\"twitter:card\" content=\"summary_large_image\" \/>\n<meta name=\"twitter:label1\" content=\"Dur\u00e9e de lecture estim\u00e9e\" \/>\n\t<meta name=\"twitter:data1\" content=\"3 minutes\" \/>\n<script type=\"application\/ld+json\" class=\"yoast-schema-graph\">{\"@context\":\"https:\\\/\\\/schema.org\",\"@graph\":[{\"@type\":\"WebPage\",\"@id\":\"https:\\\/\\\/oficiantesandalucia.es\\\/fr\\\/politique-en-matiere-de-cookies\\\/\",\"url\":\"https:\\\/\\\/oficiantesandalucia.es\\\/fr\\\/politique-en-matiere-de-cookies\\\/\",\"name\":\"Politique en mati\u00e8re de cookies - Oficiantes Andaluc&iacute;a\",\"isPartOf\":{\"@id\":\"https:\\\/\\\/oficiantesandalucia.es\\\/fr\\\/#website\"},\"datePublished\":\"2024-01-18T12:01:37+00:00\",\"breadcrumb\":{\"@id\":\"https:\\\/\\\/oficiantesandalucia.es\\\/fr\\\/politique-en-matiere-de-cookies\\\/#breadcrumb\"},\"inLanguage\":\"fr-FR\",\"potentialAction\":[{\"@type\":\"ReadAction\",\"target\":[\"https:\\\/\\\/oficiantesandalucia.es\\\/fr\\\/politique-en-matiere-de-cookies\\\/\"]}]},{\"@type\":\"BreadcrumbList\",\"@id\":\"https:\\\/\\\/oficiantesandalucia.es\\\/fr\\\/politique-en-matiere-de-cookies\\\/#breadcrumb\",\"itemListElement\":[{\"@type\":\"ListItem\",\"position\":1,\"name\":\"Portada\",\"item\":\"https:\\\/\\\/oficiantesandalucia.es\\\/fr\\\/\"},{\"@type\":\"ListItem\",\"position\":2,\"name\":\"Politique en mati\u00e8re de cookies\"}]},{\"@type\":\"WebSite\",\"@id\":\"https:\\\/\\\/oficiantesandalucia.es\\\/fr\\\/#website\",\"url\":\"https:\\\/\\\/oficiantesandalucia.es\\\/fr\\\/\",\"name\":\"Oficiantes Andaluc\u00eda\",\"description\":\"Ceremonias civiles\",\"publisher\":{\"@id\":\"https:\\\/\\\/oficiantesandalucia.es\\\/fr\\\/#organization\"},\"potentialAction\":[{\"@type\":\"SearchAction\",\"target\":{\"@type\":\"EntryPoint\",\"urlTemplate\":\"https:\\\/\\\/oficiantesandalucia.es\\\/fr\\\/?s={search_term_string}\"},\"query-input\":{\"@type\":\"PropertyValueSpecification\",\"valueRequired\":true,\"valueName\":\"search_term_string\"}}],\"inLanguage\":\"fr-FR\"},{\"@type\":\"Organization\",\"@id\":\"https:\\\/\\\/oficiantesandalucia.es\\\/fr\\\/#organization\",\"name\":\"Oficiantes Andaluc\u00eda\",\"url\":\"https:\\\/\\\/oficiantesandalucia.es\\\/fr\\\/\",\"logo\":{\"@type\":\"ImageObject\",\"inLanguage\":\"fr-FR\",\"@id\":\"https:\\\/\\\/oficiantesandalucia.es\\\/fr\\\/#\\\/schema\\\/logo\\\/image\\\/\",\"url\":\"https:\\\/\\\/oficiantesandalucia.es\\\/wp-content\\\/uploads\\\/2024\\\/01\\\/Sello-oficiantes-Andalucia.png\",\"contentUrl\":\"https:\\\/\\\/oficiantesandalucia.es\\\/wp-content\\\/uploads\\\/2024\\\/01\\\/Sello-oficiantes-Andalucia.png\",\"width\":1246,\"height\":1249,\"caption\":\"Oficiantes Andaluc\u00eda\"},\"image\":{\"@id\":\"https:\\\/\\\/oficiantesandalucia.es\\\/fr\\\/#\\\/schema\\\/logo\\\/image\\\/\"},\"sameAs\":[\"https:\\\/\\\/www.instagram.com\\\/oficiantes_andalucia\"]}]}<\/script>\n<!-- \/ Yoast SEO plugin. -->","yoast_head_json":{"title":"Politique en mati\u00e8re de cookies - Oficiantes Andaluc&iacute;a","robots":{"index":"index","follow":"follow","max-snippet":"max-snippet:-1","max-image-preview":"max-image-preview:large","max-video-preview":"max-video-preview:-1"},"canonical":"https:\/\/oficiantesandalucia.es\/fr\/politique-en-matiere-de-cookies\/","og_locale":"fr_FR","og_type":"article","og_title":"Politique en mati\u00e8re de cookies - Oficiantes Andaluc&iacute;a","og_description":"Politique en mati\u00e8re de cookies Un cookie est un petit fichier texte qui est stock\u00e9 dans votre navigateur lorsque vous visitez presque n&#8217;importe quel site web. Il est utile pour le site web de pouvoir [&hellip;]","og_url":"https:\/\/oficiantesandalucia.es\/fr\/politique-en-matiere-de-cookies\/","og_site_name":"Oficiantes Andaluc&iacute;a","twitter_card":"summary_large_image","twitter_misc":{"Dur\u00e9e de lecture estim\u00e9e":"3 minutes"},"schema":{"@context":"https:\/\/schema.org","@graph":[{"@type":"WebPage","@id":"https:\/\/oficiantesandalucia.es\/fr\/politique-en-matiere-de-cookies\/","url":"https:\/\/oficiantesandalucia.es\/fr\/politique-en-matiere-de-cookies\/","name":"Politique en mati\u00e8re de cookies - Oficiantes Andaluc&iacute;a","isPartOf":{"@id":"https:\/\/oficiantesandalucia.es\/fr\/#website"},"datePublished":"2024-01-18T12:01:37+00:00","breadcrumb":{"@id":"https:\/\/oficiantesandalucia.es\/fr\/politique-en-matiere-de-cookies\/#breadcrumb"},"inLanguage":"fr-FR","potentialAction":[{"@type":"ReadAction","target":["https:\/\/oficiantesandalucia.es\/fr\/politique-en-matiere-de-cookies\/"]}]},{"@type":"BreadcrumbList","@id":"https:\/\/oficiantesandalucia.es\/fr\/politique-en-matiere-de-cookies\/#breadcrumb","itemListElement":[{"@type":"ListItem","position":1,"name":"Portada","item":"https:\/\/oficiantesandalucia.es\/fr\/"},{"@type":"ListItem","position":2,"name":"Politique en mati\u00e8re de cookies"}]},{"@type":"WebSite","@id":"https:\/\/oficiantesandalucia.es\/fr\/#website","url":"https:\/\/oficiantesandalucia.es\/fr\/","name":"Oficiantes Andaluc\u00eda","description":"Ceremonias civiles","publisher":{"@id":"https:\/\/oficiantesandalucia.es\/fr\/#organization"},"potentialAction":[{"@type":"SearchAction","target":{"@type":"EntryPoint","urlTemplate":"https:\/\/oficiantesandalucia.es\/fr\/?s={search_term_string}"},"query-input":{"@type":"PropertyValueSpecification","valueRequired":true,"valueName":"search_term_string"}}],"inLanguage":"fr-FR"},{"@type":"Organization","@id":"https:\/\/oficiantesandalucia.es\/fr\/#organization","name":"Oficiantes Andaluc\u00eda","url":"https:\/\/oficiantesandalucia.es\/fr\/","logo":{"@type":"ImageObject","inLanguage":"fr-FR","@id":"https:\/\/oficiantesandalucia.es\/fr\/#\/schema\/logo\/image\/","url":"https:\/\/oficiantesandalucia.es\/wp-content\/uploads\/2024\/01\/Sello-oficiantes-Andalucia.png","contentUrl":"https:\/\/oficiantesandalucia.es\/wp-content\/uploads\/2024\/01\/Sello-oficiantes-Andalucia.png","width":1246,"height":1249,"caption":"Oficiantes Andaluc\u00eda"},"image":{"@id":"https:\/\/oficiantesandalucia.es\/fr\/#\/schema\/logo\/image\/"},"sameAs":["https:\/\/www.instagram.com\/oficiantes_andalucia"]}]}},"_links":{"self":[{"href":"https:\/\/oficiantesandalucia.es\/fr\/wp-json\/wp\/v2\/pages\/3128","targetHints":{"allow":["GET"]}}],"collection":[{"href":"https:\/\/oficiantesandalucia.es\/fr\/wp-json\/wp\/v2\/pages"}],"about":[{"href":"https:\/\/oficiantesandalucia.es\/fr\/wp-json\/wp\/v2\/types\/page"}],"author":[{"embeddable":true,"href":"https:\/\/oficiantesandalucia.es\/fr\/wp-json\/wp\/v2\/users\/1"}],"replies":[{"embeddable":true,"href":"https:\/\/oficiantesandalucia.es\/fr\/wp-json\/wp\/v2\/comments?post=3128"}],"version-history":[{"count":0,"href":"https:\/\/oficiantesandalucia.es\/fr\/wp-json\/wp\/v2\/pages\/3128\/revisions"}],"wp:attachment":[{"href":"https:\/\/oficiantesandalucia.es\/fr\/wp-json\/wp\/v2\/media?parent=3128"}],"curies":[{"name":"wp","href":"https:\/\/api.w.org\/{rel}","templated":true}]}}