{"id":3555,"date":"2024-07-28T20:41:36","date_gmt":"2024-07-28T18:41:36","guid":{"rendered":"https:\/\/oficiantesandalucia.es\/el-ritual-de-la-rosa\/"},"modified":"2024-11-15T09:17:11","modified_gmt":"2024-11-15T08:17:11","slug":"le-rituel-de-la-rose","status":"publish","type":"page","link":"https:\/\/oficiantesandalucia.es\/fr\/le-rituel-de-la-rose\/","title":{"rendered":"Le rituel de la rose"},"content":{"rendered":"<div class=\"wp-block-image is-style-ignition-berliner-border-image\">\n<figure class=\"alignleft size-full is-resized\"><img loading=\"lazy\" decoding=\"async\" width=\"1024\" height=\"683\" src=\"https:\/\/oficiantesandalucia.es\/wp-content\/uploads\/2024\/07\/Ritual-de-la-rosa-bodas-F01.jpg\" alt=\"\" class=\"wp-image-3548\" style=\"width:412px;height:auto\" srcset=\"https:\/\/oficiantesandalucia.es\/wp-content\/uploads\/2024\/07\/Ritual-de-la-rosa-bodas-F01.jpg 1024w, https:\/\/oficiantesandalucia.es\/wp-content\/uploads\/2024\/07\/Ritual-de-la-rosa-bodas-F01-300x200.jpg 300w, https:\/\/oficiantesandalucia.es\/wp-content\/uploads\/2024\/07\/Ritual-de-la-rosa-bodas-F01-768x512.jpg 768w, https:\/\/oficiantesandalucia.es\/wp-content\/uploads\/2024\/07\/Ritual-de-la-rosa-bodas-F01-870x580.jpg 870w, https:\/\/oficiantesandalucia.es\/wp-content\/uploads\/2024\/07\/Ritual-de-la-rosa-bodas-F01-615x410.jpg 615w, https:\/\/oficiantesandalucia.es\/wp-content\/uploads\/2024\/07\/Ritual-de-la-rosa-bodas-F01-690x460.jpg 690w\" sizes=\"auto, (max-width: 1024px) 100vw, 1024px\" \/><\/figure>\n<\/div>\n\n\n<p>Pour ceux qui pr\u00e9f\u00e8rent inclure le rituel de la rose dans leur c\u00e9r\u00e9monie, voici un texte qui pourrait vous \u00eatre utile, dans lequel vous pouvez apporter toutes les modifications que vous souhaitez, en fait, de nombreux couples changent la derni\u00e8re partie, o\u00f9 il est question des probl\u00e8mes des couples et o\u00f9 il est dit que la rose parle pour vous. Pour nous, les probl\u00e8mes se r\u00e9solvent en parlant et comme nous avons l&#8217;habitude de le dire au d\u00e9but de nos c\u00e9r\u00e9monies : \u00ab Ne vous endormez jamais en col\u00e8re \u00bb.<br>Dans ce texte que nous vous laissons ci-dessous il y a quelques variations que nous avons faites, comme faire changer la rose de couleur, l&#8217;inclure \u00e0 la fin de la c\u00e9r\u00e9monie juste avant le baiser final, dans les couples avec enfants, que leurs enfants participent aussi \u00e0 ce rituel, c&#8217;est toujours personnalis\u00e9 au go\u00fbt de chaque couple et des circonstances.<br>Si \u00e0 la place de ce rituel vous pr\u00e9f\u00e9rez un autre, veuillez nous contacter et nous pourrons vous fournir le texte du rituel de votre choix pour l&#8217;incorporer \u00e0 votre c\u00e9r\u00e9monie.<\/p>\n\n\n\n<p>Texte du rituel de la rose<\/p>\n\n\n\n<p>\u00ab Nom du mari\u00e9 \u00bb et \u201cNom de la mari\u00e9e\u201d, il y a quelques instants, vous avez prononc\u00e9 vos v\u0153ux de mariage et nous avons tous \u00e9t\u00e9 t\u00e9moins de l&#8217;\u00e9change de vos alliances. Ces anneaux sont une manifestation de votre amour et de votre respect, et un gage public de votre engagement.<\/p>\n\n\n\n<p>Il est maintenant temps pour vous de vous offrir mutuellement votre premier cadeau en tant que mari et femme, qui sera une rose unique qui \u00e9tait blanche au d\u00e9but de la c\u00e9r\u00e9monie et qui est maintenant color\u00e9e <strong><em><strong><em>_______<\/em><\/strong><\/em><\/strong>.<\/p>\n\n\n\n<p>(LES MARI\u00c9S \u00c9CHANGENT LES ROSES)<\/p>\n\n\n\n<p>Tout comme la rose a chang\u00e9 de couleur, votre vie commune sera pleine de changements et, \u00e0 un moment donn\u00e9, il y aura m\u00eame de la col\u00e8re. Souvenez-vous donc de ce beau moment pour surmonter ensemble tout ce qui se pr\u00e9sentera \u00e0 vous.<\/p>\n\n\n\n<p>Depuis l&#8217;Antiquit\u00e9, la rose est consid\u00e9r\u00e9e comme un symbole d&#8217;amour, et offrir une seule rose n&#8217;avait qu&#8217;une seule signification : \u00ab Je t&#8217;aime \u00bb. C&#8217;est pourquoi je ne vois rien de mieux qu&#8217;une rose rouge pour votre premier cadeau en tant que mari et femme.<\/p>\n\n\n\n<p>\u00ab Nom du mari\u00e9 \u00bb et \u201cNom de la mari\u00e9e\u201d, \u00e9changez maintenant votre premier cadeau en tant que mari et femme.<\/p>\n\n\n\n<p>D&#8217;une certaine mani\u00e8re, il semble que rien n&#8217;ait chang\u00e9, que tout soit rest\u00e9 pareil. Il y a un instant, vous teniez une rose rouge dans vos mains, et maintenant vos mains tiennent toujours une rose rouge. D&#8217;une certaine mani\u00e8re, il en va de m\u00eame pour votre mariage. D&#8217;une certaine mani\u00e8re, demain ne sera pas tr\u00e8s diff\u00e9rent d&#8217;hier, et pourtant, aujourd&#8217;hui, en ce moment m\u00eame, vous venez de donner et de recevoir l&#8217;un des cadeaux les plus beaux et les plus pr\u00e9cieux de votre vie, que vous n&#8217;oublierez jamais, je l&#8217;esp\u00e8re, le cadeau de l&#8217;amour v\u00e9ritable et \u00e9ternel.<\/p>\n\n\n\n<p>\u00ab Nom du mari\u00e9 et nom de la mari\u00e9e, je vous demande une petite faveur : lorsque vous rentrerez chez vous, cherchez ensemble un endroit agr\u00e9able o\u00f9 mettre vos roses. \u00c0 chaque anniversaire de mariage, chacun d&#8217;entre vous devrait y placer une rose comme symbole du renouvellement de vos v\u0153ux et pour vous rappeler que votre mariage est fond\u00e9 sur l&#8217;amour.<\/p>\n\n\n\n<p>Dans chaque mariage, il y a des moments o\u00f9 il est difficile de trouver les mots justes.<\/p>\n\n\n\n<p>Il est facile de blesser ceux que nous aimons le plus, tout comme il est facile d&#8217;\u00eatre bless\u00e9 par ceux que nous aimons le plus. Et pourtant, il est parfois tr\u00e8s difficile de dire \u00e0 notre partenaire : \u00ab Je suis d\u00e9sol\u00e9 \u00bb, \u00ab Je te pardonne \u00bb, \u00ab J&#8217;ai besoin de toi \u00bb ou \u00ab J&#8217;ai mal \u00bb. Si cela se produit, si vous n&#8217;arrivez tout simplement pas \u00e0 trouver ces mots, laissez une simple rose rouge \u00e0 cet endroit pour qu&#8217;elle parle \u00e0 votre place.<\/p>\n\n\n\n<p>Cette rose dira \u00ab Je t&#8217;aime \u00bb. Votre partenaire acceptera cette rose et saura qu&#8217;elle contient tous les mots que vous ne trouvez pas. Cette rose vous rappellera l&#8217;amour et l&#8217;espoir que vous partagez tous les deux aujourd&#8217;hui.<\/p>\n\n\n\n<p>\u00ab S&#8217;il y a une chose que vous devez retenir de votre mariage, c&#8217;est que c&#8217;est l&#8217;amour qui vous a amen\u00e9s ici aujourd&#8217;hui, que seul l&#8217;amour peut faire r\u00e9ussir une alliance, et que c&#8217;est gr\u00e2ce \u00e0 l&#8217;amour que votre mariage perdurera.<\/p>\n","protected":false},"excerpt":{"rendered":"<p>Pour ceux qui pr\u00e9f\u00e8rent inclure le rituel de la rose dans leur c\u00e9r\u00e9monie, voici un texte qui pourrait vous \u00eatre utile, dans lequel vous pouvez apporter toutes les modifications que vous souhaitez, en fait, de [&hellip;]<\/p>\n","protected":false},"author":1,"featured_media":0,"parent":0,"menu_order":0,"comment_status":"closed","ping_status":"closed","template":"","meta":{"inline_featured_image":false,"_joinchat":[],"footnotes":""},"class_list":["post-3555","page","type-page","status-publish","hentry"],"yoast_head":"<!-- This site is optimized with the Yoast SEO plugin v27.4 - https:\/\/yoast.com\/product\/yoast-seo-wordpress\/ -->\n<title>Le rituel de la rose - Celebrant mariages<\/title>\n<meta name=\"description\" content=\"Le rituel de la rose pour les c\u00e9r\u00e9monies de mariage symboliques : la signification des roses lors des mariages.\" \/>\n<meta name=\"robots\" content=\"index, follow, max-snippet:-1, max-image-preview:large, max-video-preview:-1\" \/>\n<link rel=\"canonical\" href=\"https:\/\/oficiantesandalucia.es\/fr\/le-rituel-de-la-rose\/\" \/>\n<meta property=\"og:locale\" content=\"fr_FR\" \/>\n<meta property=\"og:type\" content=\"article\" \/>\n<meta property=\"og:title\" content=\"Le rituel de la rose - Celebrant mariages\" \/>\n<meta property=\"og:description\" content=\"Le rituel de la rose pour les c\u00e9r\u00e9monies de mariage symboliques : la signification des roses lors des mariages.\" \/>\n<meta property=\"og:url\" content=\"https:\/\/oficiantesandalucia.es\/fr\/le-rituel-de-la-rose\/\" \/>\n<meta property=\"og:site_name\" content=\"Oficiantes Andaluc&iacute;a\" \/>\n<meta property=\"article:modified_time\" content=\"2024-11-15T08:17:11+00:00\" \/>\n<meta property=\"og:image\" content=\"https:\/\/oficiantesandalucia.es\/wp-content\/uploads\/2024\/07\/Ritual-de-la-rosa-bodas-F01.jpg\" \/>\n\t<meta property=\"og:image:width\" content=\"1024\" \/>\n\t<meta property=\"og:image:height\" content=\"683\" \/>\n\t<meta property=\"og:image:type\" content=\"image\/jpeg\" \/>\n<meta name=\"twitter:card\" content=\"summary_large_image\" \/>\n<meta name=\"twitter:label1\" content=\"Dur\u00e9e de lecture estim\u00e9e\" \/>\n\t<meta name=\"twitter:data1\" content=\"4 minutes\" \/>\n<script type=\"application\/ld+json\" class=\"yoast-schema-graph\">{\"@context\":\"https:\\\/\\\/schema.org\",\"@graph\":[{\"@type\":\"WebPage\",\"@id\":\"https:\\\/\\\/oficiantesandalucia.es\\\/fr\\\/le-rituel-de-la-rose\\\/\",\"url\":\"https:\\\/\\\/oficiantesandalucia.es\\\/fr\\\/le-rituel-de-la-rose\\\/\",\"name\":\"Le rituel de la rose - Celebrant mariages\",\"isPartOf\":{\"@id\":\"https:\\\/\\\/oficiantesandalucia.es\\\/fr\\\/#website\"},\"primaryImageOfPage\":{\"@id\":\"https:\\\/\\\/oficiantesandalucia.es\\\/fr\\\/le-rituel-de-la-rose\\\/#primaryimage\"},\"image\":{\"@id\":\"https:\\\/\\\/oficiantesandalucia.es\\\/fr\\\/le-rituel-de-la-rose\\\/#primaryimage\"},\"thumbnailUrl\":\"https:\\\/\\\/oficiantesandalucia.es\\\/wp-content\\\/uploads\\\/2024\\\/07\\\/Ritual-de-la-rosa-bodas-F01.jpg\",\"datePublished\":\"2024-07-28T18:41:36+00:00\",\"dateModified\":\"2024-11-15T08:17:11+00:00\",\"description\":\"Le rituel de la rose pour les c\u00e9r\u00e9monies de mariage symboliques : la signification des roses lors des mariages.\",\"breadcrumb\":{\"@id\":\"https:\\\/\\\/oficiantesandalucia.es\\\/fr\\\/le-rituel-de-la-rose\\\/#breadcrumb\"},\"inLanguage\":\"fr-FR\",\"potentialAction\":[{\"@type\":\"ReadAction\",\"target\":[\"https:\\\/\\\/oficiantesandalucia.es\\\/fr\\\/le-rituel-de-la-rose\\\/\"]}]},{\"@type\":\"ImageObject\",\"inLanguage\":\"fr-FR\",\"@id\":\"https:\\\/\\\/oficiantesandalucia.es\\\/fr\\\/le-rituel-de-la-rose\\\/#primaryimage\",\"url\":\"https:\\\/\\\/oficiantesandalucia.es\\\/wp-content\\\/uploads\\\/2024\\\/07\\\/Ritual-de-la-rosa-bodas-F01.jpg\",\"contentUrl\":\"https:\\\/\\\/oficiantesandalucia.es\\\/wp-content\\\/uploads\\\/2024\\\/07\\\/Ritual-de-la-rosa-bodas-F01.jpg\"},{\"@type\":\"BreadcrumbList\",\"@id\":\"https:\\\/\\\/oficiantesandalucia.es\\\/fr\\\/le-rituel-de-la-rose\\\/#breadcrumb\",\"itemListElement\":[{\"@type\":\"ListItem\",\"position\":1,\"name\":\"Portada\",\"item\":\"https:\\\/\\\/oficiantesandalucia.es\\\/fr\\\/\"},{\"@type\":\"ListItem\",\"position\":2,\"name\":\"Le rituel de la rose\"}]},{\"@type\":\"WebSite\",\"@id\":\"https:\\\/\\\/oficiantesandalucia.es\\\/fr\\\/#website\",\"url\":\"https:\\\/\\\/oficiantesandalucia.es\\\/fr\\\/\",\"name\":\"Oficiantes Andaluc\u00eda\",\"description\":\"Ceremonias civiles\",\"publisher\":{\"@id\":\"https:\\\/\\\/oficiantesandalucia.es\\\/fr\\\/#organization\"},\"potentialAction\":[{\"@type\":\"SearchAction\",\"target\":{\"@type\":\"EntryPoint\",\"urlTemplate\":\"https:\\\/\\\/oficiantesandalucia.es\\\/fr\\\/?s={search_term_string}\"},\"query-input\":{\"@type\":\"PropertyValueSpecification\",\"valueRequired\":true,\"valueName\":\"search_term_string\"}}],\"inLanguage\":\"fr-FR\"},{\"@type\":\"Organization\",\"@id\":\"https:\\\/\\\/oficiantesandalucia.es\\\/fr\\\/#organization\",\"name\":\"Oficiantes Andaluc\u00eda\",\"url\":\"https:\\\/\\\/oficiantesandalucia.es\\\/fr\\\/\",\"logo\":{\"@type\":\"ImageObject\",\"inLanguage\":\"fr-FR\",\"@id\":\"https:\\\/\\\/oficiantesandalucia.es\\\/fr\\\/#\\\/schema\\\/logo\\\/image\\\/\",\"url\":\"https:\\\/\\\/oficiantesandalucia.es\\\/wp-content\\\/uploads\\\/2024\\\/01\\\/Sello-oficiantes-Andalucia.png\",\"contentUrl\":\"https:\\\/\\\/oficiantesandalucia.es\\\/wp-content\\\/uploads\\\/2024\\\/01\\\/Sello-oficiantes-Andalucia.png\",\"width\":1246,\"height\":1249,\"caption\":\"Oficiantes Andaluc\u00eda\"},\"image\":{\"@id\":\"https:\\\/\\\/oficiantesandalucia.es\\\/fr\\\/#\\\/schema\\\/logo\\\/image\\\/\"},\"sameAs\":[\"https:\\\/\\\/www.instagram.com\\\/oficiantes_andalucia\"]}]}<\/script>\n<!-- \/ Yoast SEO plugin. -->","yoast_head_json":{"title":"Le rituel de la rose - Celebrant mariages","description":"Le rituel de la rose pour les c\u00e9r\u00e9monies de mariage symboliques : la signification des roses lors des mariages.","robots":{"index":"index","follow":"follow","max-snippet":"max-snippet:-1","max-image-preview":"max-image-preview:large","max-video-preview":"max-video-preview:-1"},"canonical":"https:\/\/oficiantesandalucia.es\/fr\/le-rituel-de-la-rose\/","og_locale":"fr_FR","og_type":"article","og_title":"Le rituel de la rose - Celebrant mariages","og_description":"Le rituel de la rose pour les c\u00e9r\u00e9monies de mariage symboliques : la signification des roses lors des mariages.","og_url":"https:\/\/oficiantesandalucia.es\/fr\/le-rituel-de-la-rose\/","og_site_name":"Oficiantes Andaluc&iacute;a","article_modified_time":"2024-11-15T08:17:11+00:00","og_image":[{"width":1024,"height":683,"url":"https:\/\/oficiantesandalucia.es\/wp-content\/uploads\/2024\/07\/Ritual-de-la-rosa-bodas-F01.jpg","type":"image\/jpeg"}],"twitter_card":"summary_large_image","twitter_misc":{"Dur\u00e9e de lecture estim\u00e9e":"4 minutes"},"schema":{"@context":"https:\/\/schema.org","@graph":[{"@type":"WebPage","@id":"https:\/\/oficiantesandalucia.es\/fr\/le-rituel-de-la-rose\/","url":"https:\/\/oficiantesandalucia.es\/fr\/le-rituel-de-la-rose\/","name":"Le rituel de la rose - Celebrant mariages","isPartOf":{"@id":"https:\/\/oficiantesandalucia.es\/fr\/#website"},"primaryImageOfPage":{"@id":"https:\/\/oficiantesandalucia.es\/fr\/le-rituel-de-la-rose\/#primaryimage"},"image":{"@id":"https:\/\/oficiantesandalucia.es\/fr\/le-rituel-de-la-rose\/#primaryimage"},"thumbnailUrl":"https:\/\/oficiantesandalucia.es\/wp-content\/uploads\/2024\/07\/Ritual-de-la-rosa-bodas-F01.jpg","datePublished":"2024-07-28T18:41:36+00:00","dateModified":"2024-11-15T08:17:11+00:00","description":"Le rituel de la rose pour les c\u00e9r\u00e9monies de mariage symboliques : la signification des roses lors des mariages.","breadcrumb":{"@id":"https:\/\/oficiantesandalucia.es\/fr\/le-rituel-de-la-rose\/#breadcrumb"},"inLanguage":"fr-FR","potentialAction":[{"@type":"ReadAction","target":["https:\/\/oficiantesandalucia.es\/fr\/le-rituel-de-la-rose\/"]}]},{"@type":"ImageObject","inLanguage":"fr-FR","@id":"https:\/\/oficiantesandalucia.es\/fr\/le-rituel-de-la-rose\/#primaryimage","url":"https:\/\/oficiantesandalucia.es\/wp-content\/uploads\/2024\/07\/Ritual-de-la-rosa-bodas-F01.jpg","contentUrl":"https:\/\/oficiantesandalucia.es\/wp-content\/uploads\/2024\/07\/Ritual-de-la-rosa-bodas-F01.jpg"},{"@type":"BreadcrumbList","@id":"https:\/\/oficiantesandalucia.es\/fr\/le-rituel-de-la-rose\/#breadcrumb","itemListElement":[{"@type":"ListItem","position":1,"name":"Portada","item":"https:\/\/oficiantesandalucia.es\/fr\/"},{"@type":"ListItem","position":2,"name":"Le rituel de la rose"}]},{"@type":"WebSite","@id":"https:\/\/oficiantesandalucia.es\/fr\/#website","url":"https:\/\/oficiantesandalucia.es\/fr\/","name":"Oficiantes Andaluc\u00eda","description":"Ceremonias civiles","publisher":{"@id":"https:\/\/oficiantesandalucia.es\/fr\/#organization"},"potentialAction":[{"@type":"SearchAction","target":{"@type":"EntryPoint","urlTemplate":"https:\/\/oficiantesandalucia.es\/fr\/?s={search_term_string}"},"query-input":{"@type":"PropertyValueSpecification","valueRequired":true,"valueName":"search_term_string"}}],"inLanguage":"fr-FR"},{"@type":"Organization","@id":"https:\/\/oficiantesandalucia.es\/fr\/#organization","name":"Oficiantes Andaluc\u00eda","url":"https:\/\/oficiantesandalucia.es\/fr\/","logo":{"@type":"ImageObject","inLanguage":"fr-FR","@id":"https:\/\/oficiantesandalucia.es\/fr\/#\/schema\/logo\/image\/","url":"https:\/\/oficiantesandalucia.es\/wp-content\/uploads\/2024\/01\/Sello-oficiantes-Andalucia.png","contentUrl":"https:\/\/oficiantesandalucia.es\/wp-content\/uploads\/2024\/01\/Sello-oficiantes-Andalucia.png","width":1246,"height":1249,"caption":"Oficiantes Andaluc\u00eda"},"image":{"@id":"https:\/\/oficiantesandalucia.es\/fr\/#\/schema\/logo\/image\/"},"sameAs":["https:\/\/www.instagram.com\/oficiantes_andalucia"]}]}},"_links":{"self":[{"href":"https:\/\/oficiantesandalucia.es\/fr\/wp-json\/wp\/v2\/pages\/3555","targetHints":{"allow":["GET"]}}],"collection":[{"href":"https:\/\/oficiantesandalucia.es\/fr\/wp-json\/wp\/v2\/pages"}],"about":[{"href":"https:\/\/oficiantesandalucia.es\/fr\/wp-json\/wp\/v2\/types\/page"}],"author":[{"embeddable":true,"href":"https:\/\/oficiantesandalucia.es\/fr\/wp-json\/wp\/v2\/users\/1"}],"replies":[{"embeddable":true,"href":"https:\/\/oficiantesandalucia.es\/fr\/wp-json\/wp\/v2\/comments?post=3555"}],"version-history":[{"count":3,"href":"https:\/\/oficiantesandalucia.es\/fr\/wp-json\/wp\/v2\/pages\/3555\/revisions"}],"predecessor-version":[{"id":3774,"href":"https:\/\/oficiantesandalucia.es\/fr\/wp-json\/wp\/v2\/pages\/3555\/revisions\/3774"}],"wp:attachment":[{"href":"https:\/\/oficiantesandalucia.es\/fr\/wp-json\/wp\/v2\/media?parent=3555"}],"curies":[{"name":"wp","href":"https:\/\/api.w.org\/{rel}","templated":true}]}}