{"id":3919,"date":"2025-02-04T19:48:51","date_gmt":"2025-02-04T18:48:51","guid":{"rendered":"https:\/\/oficiantesandalucia.es\/?page_id=3919"},"modified":"2025-02-04T19:51:52","modified_gmt":"2025-02-04T18:51:52","slug":"voeux","status":"publish","type":"page","link":"https:\/\/oficiantesandalucia.es\/fr\/voeux\/","title":{"rendered":"Voeux"},"content":{"rendered":"\n<p>Quelques examples de voeux de mariages<\/p>\n\n\n\n<h4 class=\"wp-block-heading\" id=\"h-exemple-1\"><em><strong>Exemple 1<\/strong><\/em><\/h4>\n\n\n\n<p><em>Moi, &lt;_______&gt; je te choisis, &lt;_______&gt;<\/em><\/p>\n\n\n\n<p><em>Moi &lt;_______&gt;, te prends &lt;_______&gt; comme \u00e9poux\/se.<\/em><\/p>\n\n\n\n<p><em>Tu es ma partenaire de vie et ma raison de vivre.<\/em><\/p>\n\n\n\n<p><em>Je vais ch\u00e9rir notre union et je vais t\u2019aimer<\/em><\/p>\n\n\n\n<p><em>chaque jour encore plus fort.<\/em><\/p>\n\n\n\n<p><em>Je te ferai confiance, je te respecterai,<\/em><\/p>\n\n\n\n<p><em>je rirai avec toi et je pleurerai m\u00eame avec toi.<\/em><\/p>\n\n\n\n<p><em>Je t\u2019aimerai fid\u00e8lement peu importe les obstacles<\/em><\/p>\n\n\n\n<p><em>que nous rencontrerons au cours de notre vie.<\/em><\/p>\n\n\n\n<p><em>Je te tends la main et te donne mon amour<\/em><\/p>\n\n\n\n<p><em>d\u00e8s aujourd\u2019hui et jusqu\u2019\u00e0 la fin de nos jours.<\/em><\/p>\n\n\n\n<h4 class=\"wp-block-heading\" id=\"h-exemple-2\"> <em><strong>Exemple 2<\/strong><\/em><\/h4>\n\n\n\n<p><em>Moi, &lt;_______&gt; je te choisis, &lt;_______&gt;<\/em><\/p>\n\n\n\n<p><em>pour que tu sois mon ami\/e, aussi bien que mon \u00e9poux\/se.<\/em><\/p>\n\n\n\n<p><em>Je serai tien dans les moments d\u2019abondance<\/em><\/p>\n\n\n\n<p><em>et dans les moments de p\u00e9nurie pour le reste de ma vie.<\/em><\/p>\n\n\n\n<p><em>Je serai aussi l\u00e0 dans les moments de maladie, l<\/em><\/p>\n\n\n\n<p><em>es moments de peine, dans les instants de joie ainsi<\/em><\/p>\n\n\n\n<p><em>que dans les moments de difficult\u00e9.<\/em><\/p>\n\n\n\n<p><em>Je ne te laisserai jamais tomber dans les instants difficiles.<\/em><\/p>\n\n\n\n<p><em>Je fais la promesse de te ch\u00e9rir, d\u2019avoir du respect, <\/em><\/p>\n\n\n\n<p><em>de prendre soin de toi aussi bien que de te prot\u00e9ger.<\/em><\/p>\n\n\n\n<p><em>Je vais te r\u00e9conforter, t\u2019encourager<\/em><\/p>\n\n\n\n<p><em>et rester avec toi pour toute l\u2019\u00e9ternit\u00e9.<\/em><\/p>\n\n\n\n<h4 class=\"wp-block-heading\" id=\"h-exemple-3\"><a><\/a> <em><strong>Exemple 3<\/strong><\/em><\/h4>\n\n\n\n<p><em>Je t\u2019aime sans condition et sans aucune h\u00e9sitation.<\/em><\/p>\n\n\n\n<p><em>Je fais la promesse de t\u2019aimer, de t\u2019encourager,<\/em><\/p>\n\n\n\n<p><em>de te faire confiance et d\u2019avoir du respect<\/em><\/p>\n\n\n\n<p><em>pour toi m\u00eame apr\u00e8s notre magnifique mariage.<\/em><\/p>\n\n\n\n<p><em>En tant que famille, nous allons cr\u00e9er un foyer rempli de bonheur, <\/em><\/p>\n\n\n\n<p><em>de rires et de compassion.<\/em><\/p>\n\n\n\n<p><em>te promets de travailler avec toi pour favoriser<\/em><\/p>\n\n\n\n<p><em>et ch\u00e9rir une relation d\u2019\u00e9galit\u00e9.<\/em><\/p>\n\n\n\n<p><em>Ensemble nous construirons une vie bien meilleure <\/em><\/p>\n\n\n\n<p><em>que celle que chacun de nous pourrait imaginer seul.<\/em><\/p>\n\n\n\n<p><em>Aujourd\u2019hui, je te choisis pour \u00eatre mon mari \/ ma femme.<\/em><\/p>\n\n\n\n<p><em>Je t\u2019accepte telle que tu es, et je m\u2019offre \u00e0 toi en retour. <\/em><\/p>\n\n\n\n<p><em>Je prendrai soin de toi, je me tiendrai \u00e0 tes c\u00f4t\u00e9s et je partagerai avec toi toutes les adversit\u00e9s de la vie.<\/em><\/p>\n\n\n\n<p><em> Je vivrai toutes les joies de l\u2019amour avec toi \u00e0 chaque seconde de ma vie.<\/em><\/p>\n\n\n\n<h4 class=\"wp-block-heading\" id=\"h-exemple-4\"><a><\/a> <em><strong>Exemple 4<\/strong><\/em><\/h4>\n\n\n\n<p><em>&lt;_______&gt;, aujourd\u2019hui tu deviendras mon\/ma l\u00e9gitime \u00e9poux\/se. <\/em><\/p>\n\n\n\n<p><em>Devant nos t\u00e9moins, je jure de t\u2019aimer et de m\u2019occuper de toi <\/em><\/p>\n\n\n\n<p><em>pendant tout le temps que nous passerons ensemble.<\/em><\/p>\n\n\n\n<p><em>Je t\u2019accepte avec tous tes d\u00e9fauts et tes forces.<\/em><\/p>\n\n\n\n<p><em>Je me donne enti\u00e8rement \u00e0 toi. Je t\u2019aiderai tout le temps, <\/em><\/p>\n\n\n\n<p><em>surtout lorsque tu seras triste ou d\u00e9courag\u00e9e <\/em><\/p>\n\n\n\n<p><em>et j\u2019irai vers toi lorsque je ressentirai le besoin d\u2019avoir un guide.<\/em><\/p>\n\n\n\n<p><em>Je fais le choix de te prendre comme la personne qui partagera ma vie. <\/em><\/p>\n\n\n\n<p><em>Je nous souhaite tout le bonheur du monde.<\/em><\/p>\n\n\n\n<h4 class=\"wp-block-heading\" id=\"h-exemple-5\"><a><\/a> <em><strong>Exemple 5<\/strong><\/em><\/h4>\n\n\n\n<p><em>Aujourd\u2019hui, je te promets que je rirai avec toi dans tous tes moments de bonheur, <\/em><\/p>\n\n\n\n<p><em>et je te r\u00e9conforterai dans les moments de tristesse.<\/em><\/p>\n\n\n\n<p><em>Je partagerai tes r\u00eaves et te soutiendrai dans tes efforts pour atteindre tes objectifs.<\/em><\/p>\n\n\n\n<p><em> Je t\u2019\u00e9couterai avec beaucoup de patience et de compassion. Je te parlerai pour t\u2019encourager.<\/em><\/p>\n\n\n\n<p><em>Ensemble, nous allons construire un foyer rempli d\u2019apprentissage, de rigolades ainsi que de lumi\u00e8re. <\/em><\/p>\n\n\n\n<p><em>Soyons partenaires, amis et amants, aujourd\u2019hui et \u00e9ternellement.<\/em><\/p>\n\n\n\n<h4 class=\"wp-block-heading\" id=\"h-exemple-6\"><a><\/a> <em><strong>Exemple 6<\/strong><\/em><\/h4>\n\n\n\n<p><em>Moi, &lt;_______&gt;, te prends &lt;_______&gt; pour mari\/femme<\/em><\/p>\n\n\n\n<p><em>car j\u2019aime ce que je sais de toi<\/em><\/p>\n\n\n\n<p><em>et je fais confiance \u00e0 ce que je ne sais pas encore.<\/em><\/p>\n\n\n\n<p><em>J\u2019attends avec impatience la chance de grandir<\/em><\/p>\n\n\n\n<p><em>avec toi \u00e0 mes c\u00f4t\u00e9s,<\/em><\/p>\n\n\n\n<p><em>d\u2019apprendre \u00e0 conna\u00eetre la personne que tu deviendras<\/em><\/p>\n\n\n\n<p><em>et de tomber amoureux de toi un peu plus chaque jour.<\/em><\/p>\n\n\n\n<p><em>Je fais la promesse de t\u2019aimer et de te ch\u00e9rir<\/em><\/p>\n\n\n\n<p><em>\u00e0 travers tout ce que la vie puisse nous apporter.<\/em><\/p>\n\n\n\n<h4 class=\"wp-block-heading\" id=\"h-exemple-7\"><a><\/a> <em><strong>Exemple 7<\/strong><\/em><\/h4>\n\n\n\n<p><em>Je vais toujours prendre soin de toi, me rapprocher de toi encore et encore, <\/em><\/p>\n\n\n\n<p><em>te r\u00e9conforter et c\u00e9l\u00e9brer les bons moments avec toi.<\/em><\/p>\n\n\n\n<p><em>Je serai \u00e0 tes c\u00f4t\u00e9s, quoi que la vie nous r\u00e9serve, <\/em><\/p>\n\n\n\n<p><em>et je ch\u00e9rirai le temps que nous passons ensemble. <\/em><\/p>\n\n\n\n<p><em>Je me sens chanceuse d\u2019avoir trouv\u00e9 quelqu\u2019un qui embrasse tout ce que je suis <\/em><\/p>\n\n\n\n<p><em>et qui enrichit ma vie de tant de fa\u00e7ons.<\/em><\/p>\n\n\n\n<p><em>Les valeurs, les r\u00eaves et les projets que nous partageons <\/em><\/p>\n\n\n\n<p><em>me rendent enthousiaste pour notre avenir. <\/em><\/p>\n\n\n\n<p><em>Apr\u00e8s notre lune de miel, j\u2019ai h\u00e2te de commencer cette belle aventure avec toi !<\/em><\/p>\n\n\n\n<h4 class=\"wp-block-heading\" id=\"h-exemple-8\"><a><\/a> <em><strong>Exemple 8<\/strong><\/em><\/h4>\n\n\n\n<p><em>Aujourd\u2019hui, je te donne tout ce qu\u2019il y a dans mon c\u0153ur.<\/em><\/p>\n\n\n\n<p><em>Je vais t\u2019encourager et t\u2019inspirer, rigoler avec toi aussi bien que te donner du r\u00e9confort <\/em><\/p>\n\n\n\n<p><em>dans les moments de tristesse et de lutte. Je fais la promesse de t\u2019aimer tout le temps.<\/em><\/p>\n\n\n\n<p><em>Je le ferai quand notre vie sera simple et quand elle deviendra difficile.<\/em><\/p>\n\n\n\n<p><em> Je vais toujours te ch\u00e9rir et avoir une tr\u00e8s haute estime de notre belle union.<\/em><\/p>\n\n\n\n<p><em>C\u2019est ce que je veux te donner aujourd\u2019hui et chaque jour. <\/em><\/p>\n\n\n\n<p><em>Je te donne un engagement fait dans l\u2019amour, maintenu dans la foi, et \u00e9ternellement renouvel\u00e9.<\/em><\/p>\n\n\n\n<h4 class=\"wp-block-heading\" id=\"h-exemple-9\"><a><\/a> <em><strong>Exemple 9<\/strong><\/em><\/h4>\n\n\n\n<p><em>Je te choisis pour n\u2019\u00eatre rien d\u2019autre que toi-m\u00eame, <\/em><\/p>\n\n\n\n<p><em>en aimant ce que je sais de toi et en faisant confiance \u00e0 ce que je ne sais pas encore.<\/em><\/p>\n\n\n\n<p><em>Je vais rire avec toi quand tu seras heureux\/se <\/em><\/p>\n\n\n\n<p><em>et je t\u2019aiderai \u00e0 avancer dans les mauvais moments. Je te respecte en tant qu\u2019individu.<\/em><\/p>\n\n\n\n<p><em>Tu es ma moiti\u00e9 pour la vie et tout ce que nous d\u00e9pensons au quotidien doit \u00eatre \u00e9gal.<\/em><\/p>\n\n\n\n<p><em>Tu es mon\/ma meilleur\/e ami\/e et j\u2019ai toujours besoin de t\u2019aimer.<\/em><\/p>\n\n\n\n<h4 class=\"wp-block-heading\" id=\"h-exemple-10\"><a><\/a> <em><strong>Exemple 10<\/strong><\/em><\/h4>\n\n\n\n<p><em>Je fais la promesse de t\u2019accepter telle que tu es.<\/em><\/p>\n\n\n\n<p><em>Je suis tomb\u00e9 amoureux\/se de tes qualit\u00e9s, <\/em><\/p>\n\n\n\n<p><em>de tes excentricit\u00e9s et de ta fa\u00e7on de voir la vie.<\/em><\/p>\n\n\n\n<p><em>Je vais te respecter en tant que personne ayant tes propres int\u00e9r\u00eats, d\u00e9sirs et besoins.<\/em><\/p>\n\n\n\n<p><em>Je comprends que ceux-ci sont parfois diff\u00e9rents des miens,<\/em><\/p>\n\n\n\n<p><em>mais pas moins importants.<\/em><\/p>\n\n\n\n<p><em>J\u2019ai envie d\u2019\u00eatre avec toi et je partagerai tous les instants \u00e0 venir,<\/em><\/p>\n\n\n\n<p><em> Je te donnerai, je te parlerai et je t\u2019\u00e9couterai.<\/em><\/p>\n\n\n\n<p><em>Avec gentillesse, honn\u00eatet\u00e9 et confiance, <\/em><\/p>\n\n\n\n<p><em>je travaillerai \u00e0 tes c\u00f4t\u00e9s pour cr\u00e9er une vie merveilleuse ensemble.<\/em><\/p>\n\n\n\n<h4 class=\"wp-block-heading\" id=\"h-exemple-11\"><a><\/a> <em><strong>Exemple 11<\/strong><\/em><\/h4>\n\n\n\n<p><em>\u00c0 compter d\u2019aujourd\u2019hui, je promets de toujours \u00eatre un partenaire tout le temps vrai et fid\u00e8le. <\/em><\/p>\n\n\n\n<p><em>Je le serai dans toutes les circonstances de notre vie \u00e0 deux, comme nous les affrontons ensemble depuis un an.<\/em><\/p>\n\n\n\n<p><em>Dans les joies et les peines, les bons et les moments compliqu\u00e9s, <\/em><\/p>\n\n\n\n<p><em>dans la maladie ou la sant\u00e9, je serai toujours l\u00e0 pour toi, <\/em><\/p>\n\n\n\n<p><em>pour te r\u00e9conforter, t\u2019aimer, t\u2019honorer et te ch\u00e9rir, maintenant et pour toujours.<\/em><\/p>\n\n\n\n<h4 class=\"wp-block-heading\" id=\"h-exemple-12\"><a><\/a> <em><strong>Exemple 12<\/strong><\/em><\/h4>\n\n\n\n<p><em>Tu \u00e9tais ma raison \u00e0 l\u2019\u00e9poque, ma raison maintenant et tu restes toujours ma raison de vivre chaque jour.<\/em><\/p>\n\n\n\n<p><em>Tu me fais me sentir plus heureux\/se que je n\u2019aurais jamais pu l\u2019imaginer et je t\u2019aime plus que jamais.<\/em><\/p>\n\n\n\n<p><em>Je m\u2019engage \u00e0 partager ma vie avec toi, \u00e0 partager les bons et les moments difficiles \u00e0 tes c\u00f4t\u00e9s.<\/em><\/p>\n\n\n\n<p><em>Peu importe o\u00f9 la vie me m\u00e8ne, je sais que tant que tu es l\u00e0,<\/em><\/p>\n\n\n\n<p><em>c\u2019est l\u00e0 que je dois \u00eatre.<\/em><\/p>\n\n\n\n<h4 class=\"wp-block-heading\" id=\"h-exemple-13\"><a><\/a> <em><strong>Exemple 13<\/strong><\/em><\/h4>\n\n\n\n<p><em>Moi, &lt;_______&gt;, je d\u00e9sire te prendre &lt;_______&gt; pour \u00e9pouse et pour partenaire de vie. <\/em><\/p>\n\n\n\n<p><em>Tu es mon seul amour et je te serai \u00e9ternellement fid\u00e8le.<\/em><\/p>\n\n\n\n<p><em>En ce beau jour sp\u00e9cial ainsi que sacr\u00e9, <\/em><\/p>\n\n\n\n<p><em>je me donne \u00e0 toi en pr\u00e9sence du Dieu tout puissant et des personnes pr\u00e9sentes.<\/em><\/p>\n\n\n\n<p><em>Mon engagement est comme une promesse sacr\u00e9e que je resterai \u00e0 tes c\u00f4t\u00e9s quand tu seras malade, <\/em><\/p>\n\n\n\n<p><em>dans les moments de joie ainsi que dans les instants de d\u00e9tresse.<\/em><\/p>\n\n\n\n<p><em>Je fais la promesse de t\u2019aimer sans r\u00e9serve, de te r\u00e9conforter dans les instants de d\u00e9tresse <\/em><\/p>\n\n\n\n<p><em>ainsi que de te donner de l\u2019encouragement pour atteindre chaque objectif.<\/em><\/p>\n\n\n\n<p><em>Je suis pr\u00eat \u00e0 me laisser aller avec toi et oser pleurer en ta pr\u00e9sence, de te donner toute mon \u00e2me. Je serai toujours honn\u00eate et ouvert avec toi, et je te ch\u00e9rirai aussi longtemps que nous serons un couple.<\/em><\/p>\n\n\n\n<h4 class=\"wp-block-heading\" id=\"h-exemple-14\"><a><\/a> <em><strong>Exemple 14<\/strong><\/em><\/h4>\n\n\n\n<p><em>Moi, &lt;_______&gt;, je te choisis pour \u00eatre ma l\u00e9gitime \u00e9poux\/se, mon ami\/e constant\/e, <\/em><\/p>\n\n\n\n<p><em>mon partenaire fid\u00e8l\/e et mon amour \u00e0 partir d\u2019aujourd\u2019hui.<\/em><\/p>\n\n\n\n<p><em>En pr\u00e9sence de Dieu, de notre famille et de nos amis, <\/em><\/p>\n\n\n\n<p><em>je te fais part de mon v\u0153u solennel d\u2019\u00eatre ton partenaire fid\u00e8le.<\/em><\/p>\n\n\n\n<p><em>Je serai toujours pr\u00e9sent dans les bons et certains mauvais moments,<\/em><\/p>\n\n\n\n<p><em> dans la joie comme dans la peine.<\/em><\/p>\n\n\n\n<p><em>Je t\u2019aimerai inconditionnellement, te soutiendrai, <\/em><\/p>\n\n\n\n<p><em>t\u2019honorerai et te respecterai \u00e9ternellement.<\/em><\/p>\n\n\n\n<p><em>Je vais rigoler avec toi et d\u00e9primer avec toi.<\/em><\/p>\n\n\n\n<p><em> J\u2019ai envie de te ch\u00e9rir au maximum<\/em><\/p>\n\n\n\n<p><em> et je serai ton berger afin que tu ne sois jamais perdue.<\/em><\/p>\n","protected":false},"excerpt":{"rendered":"<p>Quelques examples de voeux de mariages Exemple 1 Moi, &lt;_______&gt; je te choisis, &lt;_______&gt; Moi &lt;_______&gt;, te prends &lt;_______&gt; comme \u00e9poux\/se. Tu es ma partenaire de vie et ma raison de vivre. Je vais ch\u00e9rir [&hellip;]<\/p>\n","protected":false},"author":1,"featured_media":0,"parent":0,"menu_order":0,"comment_status":"closed","ping_status":"closed","template":"","meta":{"inline_featured_image":false,"_joinchat":[],"footnotes":""},"class_list":["post-3919","page","type-page","status-publish","hentry"],"yoast_head":"<!-- This site is optimized with the Yoast SEO plugin v27.4 - https:\/\/yoast.com\/product\/yoast-seo-wordpress\/ -->\n<title>Voeux<\/title>\n<meta name=\"robots\" content=\"index, follow, max-snippet:-1, max-image-preview:large, max-video-preview:-1\" \/>\n<link rel=\"canonical\" href=\"https:\/\/oficiantesandalucia.es\/fr\/voeux\/\" \/>\n<meta property=\"og:locale\" content=\"fr_FR\" \/>\n<meta property=\"og:type\" content=\"article\" \/>\n<meta property=\"og:title\" content=\"Voeux\" \/>\n<meta property=\"og:description\" content=\"Quelques examples de voeux de mariages Exemple 1 Moi, &lt;_______&gt; je te choisis, &lt;_______&gt; Moi &lt;_______&gt;, te prends &lt;_______&gt; comme \u00e9poux\/se. Tu es ma partenaire de vie et ma raison de vivre. Je vais ch\u00e9rir [&hellip;]\" \/>\n<meta property=\"og:url\" content=\"https:\/\/oficiantesandalucia.es\/fr\/voeux\/\" \/>\n<meta property=\"og:site_name\" content=\"Oficiantes Andaluc&iacute;a\" \/>\n<meta property=\"article:modified_time\" content=\"2025-02-04T18:51:52+00:00\" \/>\n<meta name=\"twitter:card\" content=\"summary_large_image\" \/>\n<meta name=\"twitter:label1\" content=\"Dur\u00e9e de lecture estim\u00e9e\" \/>\n\t<meta name=\"twitter:data1\" content=\"7 minutes\" \/>\n<script type=\"application\/ld+json\" class=\"yoast-schema-graph\">{\"@context\":\"https:\\\/\\\/schema.org\",\"@graph\":[{\"@type\":\"WebPage\",\"@id\":\"https:\\\/\\\/oficiantesandalucia.es\\\/fr\\\/voeux\\\/\",\"url\":\"https:\\\/\\\/oficiantesandalucia.es\\\/fr\\\/voeux\\\/\",\"name\":\"Voeux\",\"isPartOf\":{\"@id\":\"https:\\\/\\\/oficiantesandalucia.es\\\/fr\\\/#website\"},\"datePublished\":\"2025-02-04T18:48:51+00:00\",\"dateModified\":\"2025-02-04T18:51:52+00:00\",\"breadcrumb\":{\"@id\":\"https:\\\/\\\/oficiantesandalucia.es\\\/fr\\\/voeux\\\/#breadcrumb\"},\"inLanguage\":\"fr-FR\",\"potentialAction\":[{\"@type\":\"ReadAction\",\"target\":[\"https:\\\/\\\/oficiantesandalucia.es\\\/fr\\\/voeux\\\/\"]}]},{\"@type\":\"BreadcrumbList\",\"@id\":\"https:\\\/\\\/oficiantesandalucia.es\\\/fr\\\/voeux\\\/#breadcrumb\",\"itemListElement\":[{\"@type\":\"ListItem\",\"position\":1,\"name\":\"Portada\",\"item\":\"https:\\\/\\\/oficiantesandalucia.es\\\/fr\\\/\"},{\"@type\":\"ListItem\",\"position\":2,\"name\":\"Voeux\"}]},{\"@type\":\"WebSite\",\"@id\":\"https:\\\/\\\/oficiantesandalucia.es\\\/fr\\\/#website\",\"url\":\"https:\\\/\\\/oficiantesandalucia.es\\\/fr\\\/\",\"name\":\"Oficiantes Andaluc\u00eda\",\"description\":\"Ceremonias civiles\",\"publisher\":{\"@id\":\"https:\\\/\\\/oficiantesandalucia.es\\\/fr\\\/#organization\"},\"potentialAction\":[{\"@type\":\"SearchAction\",\"target\":{\"@type\":\"EntryPoint\",\"urlTemplate\":\"https:\\\/\\\/oficiantesandalucia.es\\\/fr\\\/?s={search_term_string}\"},\"query-input\":{\"@type\":\"PropertyValueSpecification\",\"valueRequired\":true,\"valueName\":\"search_term_string\"}}],\"inLanguage\":\"fr-FR\"},{\"@type\":\"Organization\",\"@id\":\"https:\\\/\\\/oficiantesandalucia.es\\\/fr\\\/#organization\",\"name\":\"Oficiantes Andaluc\u00eda\",\"url\":\"https:\\\/\\\/oficiantesandalucia.es\\\/fr\\\/\",\"logo\":{\"@type\":\"ImageObject\",\"inLanguage\":\"fr-FR\",\"@id\":\"https:\\\/\\\/oficiantesandalucia.es\\\/fr\\\/#\\\/schema\\\/logo\\\/image\\\/\",\"url\":\"https:\\\/\\\/oficiantesandalucia.es\\\/wp-content\\\/uploads\\\/2024\\\/01\\\/Sello-oficiantes-Andalucia.png\",\"contentUrl\":\"https:\\\/\\\/oficiantesandalucia.es\\\/wp-content\\\/uploads\\\/2024\\\/01\\\/Sello-oficiantes-Andalucia.png\",\"width\":1246,\"height\":1249,\"caption\":\"Oficiantes Andaluc\u00eda\"},\"image\":{\"@id\":\"https:\\\/\\\/oficiantesandalucia.es\\\/fr\\\/#\\\/schema\\\/logo\\\/image\\\/\"},\"sameAs\":[\"https:\\\/\\\/www.instagram.com\\\/oficiantes_andalucia\"]}]}<\/script>\n<!-- \/ Yoast SEO plugin. -->","yoast_head_json":{"title":"Voeux","robots":{"index":"index","follow":"follow","max-snippet":"max-snippet:-1","max-image-preview":"max-image-preview:large","max-video-preview":"max-video-preview:-1"},"canonical":"https:\/\/oficiantesandalucia.es\/fr\/voeux\/","og_locale":"fr_FR","og_type":"article","og_title":"Voeux","og_description":"Quelques examples de voeux de mariages Exemple 1 Moi, &lt;_______&gt; je te choisis, &lt;_______&gt; Moi &lt;_______&gt;, te prends &lt;_______&gt; comme \u00e9poux\/se. Tu es ma partenaire de vie et ma raison de vivre. Je vais ch\u00e9rir [&hellip;]","og_url":"https:\/\/oficiantesandalucia.es\/fr\/voeux\/","og_site_name":"Oficiantes Andaluc&iacute;a","article_modified_time":"2025-02-04T18:51:52+00:00","twitter_card":"summary_large_image","twitter_misc":{"Dur\u00e9e de lecture estim\u00e9e":"7 minutes"},"schema":{"@context":"https:\/\/schema.org","@graph":[{"@type":"WebPage","@id":"https:\/\/oficiantesandalucia.es\/fr\/voeux\/","url":"https:\/\/oficiantesandalucia.es\/fr\/voeux\/","name":"Voeux","isPartOf":{"@id":"https:\/\/oficiantesandalucia.es\/fr\/#website"},"datePublished":"2025-02-04T18:48:51+00:00","dateModified":"2025-02-04T18:51:52+00:00","breadcrumb":{"@id":"https:\/\/oficiantesandalucia.es\/fr\/voeux\/#breadcrumb"},"inLanguage":"fr-FR","potentialAction":[{"@type":"ReadAction","target":["https:\/\/oficiantesandalucia.es\/fr\/voeux\/"]}]},{"@type":"BreadcrumbList","@id":"https:\/\/oficiantesandalucia.es\/fr\/voeux\/#breadcrumb","itemListElement":[{"@type":"ListItem","position":1,"name":"Portada","item":"https:\/\/oficiantesandalucia.es\/fr\/"},{"@type":"ListItem","position":2,"name":"Voeux"}]},{"@type":"WebSite","@id":"https:\/\/oficiantesandalucia.es\/fr\/#website","url":"https:\/\/oficiantesandalucia.es\/fr\/","name":"Oficiantes Andaluc\u00eda","description":"Ceremonias civiles","publisher":{"@id":"https:\/\/oficiantesandalucia.es\/fr\/#organization"},"potentialAction":[{"@type":"SearchAction","target":{"@type":"EntryPoint","urlTemplate":"https:\/\/oficiantesandalucia.es\/fr\/?s={search_term_string}"},"query-input":{"@type":"PropertyValueSpecification","valueRequired":true,"valueName":"search_term_string"}}],"inLanguage":"fr-FR"},{"@type":"Organization","@id":"https:\/\/oficiantesandalucia.es\/fr\/#organization","name":"Oficiantes Andaluc\u00eda","url":"https:\/\/oficiantesandalucia.es\/fr\/","logo":{"@type":"ImageObject","inLanguage":"fr-FR","@id":"https:\/\/oficiantesandalucia.es\/fr\/#\/schema\/logo\/image\/","url":"https:\/\/oficiantesandalucia.es\/wp-content\/uploads\/2024\/01\/Sello-oficiantes-Andalucia.png","contentUrl":"https:\/\/oficiantesandalucia.es\/wp-content\/uploads\/2024\/01\/Sello-oficiantes-Andalucia.png","width":1246,"height":1249,"caption":"Oficiantes Andaluc\u00eda"},"image":{"@id":"https:\/\/oficiantesandalucia.es\/fr\/#\/schema\/logo\/image\/"},"sameAs":["https:\/\/www.instagram.com\/oficiantes_andalucia"]}]}},"_links":{"self":[{"href":"https:\/\/oficiantesandalucia.es\/fr\/wp-json\/wp\/v2\/pages\/3919","targetHints":{"allow":["GET"]}}],"collection":[{"href":"https:\/\/oficiantesandalucia.es\/fr\/wp-json\/wp\/v2\/pages"}],"about":[{"href":"https:\/\/oficiantesandalucia.es\/fr\/wp-json\/wp\/v2\/types\/page"}],"author":[{"embeddable":true,"href":"https:\/\/oficiantesandalucia.es\/fr\/wp-json\/wp\/v2\/users\/1"}],"replies":[{"embeddable":true,"href":"https:\/\/oficiantesandalucia.es\/fr\/wp-json\/wp\/v2\/comments?post=3919"}],"version-history":[{"count":2,"href":"https:\/\/oficiantesandalucia.es\/fr\/wp-json\/wp\/v2\/pages\/3919\/revisions"}],"predecessor-version":[{"id":3921,"href":"https:\/\/oficiantesandalucia.es\/fr\/wp-json\/wp\/v2\/pages\/3919\/revisions\/3921"}],"wp:attachment":[{"href":"https:\/\/oficiantesandalucia.es\/fr\/wp-json\/wp\/v2\/media?parent=3919"}],"curies":[{"name":"wp","href":"https:\/\/api.w.org\/{rel}","templated":true}]}}